{"id":2416,"date":"2025-10-01T20:27:01","date_gmt":"2025-10-01T18:27:01","guid":{"rendered":"https:\/\/srv113897.seohost.com.pl\/?post_type=product&#038;p=2416"},"modified":"2026-05-03T23:57:50","modified_gmt":"2026-05-03T21:57:50","slug":"manetka-silnik-zaburtowy-suzuki","status":"publish","type":"product","link":"https:\/\/srv113897.seohost.com.pl\/index.php\/produkt\/manetka-silnik-zaburtowy-suzuki\/","title":{"rendered":"Manetka silnik zaburtowy Suzuki"},"content":{"rendered":"<p><b>W ofercie posiadamy<\/b><b>:<\/b><\/p>\n<p><b>Manetka Suzuki<\/b><\/p>\n<p><b>Stan jak na zdj\u0119ciu. Nosi normalne \u015blady u\u017cytkowania, czasu.<\/b><\/p>\n<p><b>Zapraszamy r\u00f3wnie\u017c na inne nasze aukcje,<\/b>\u00a0<b>posiadamy szeroki wyb\u00f3r cz\u0119\u015bci do silnik\u00f3w zaburtowych oraz stacjonarnych.<\/b><\/p>\n","protected":false},"excerpt":{"rendered":"<p>W ofercie posiadamy: Manetka Suzuki Stan jak na zdj\u0119ciu. Nosi normalne \u015blady u\u017cytkowania, czasu. Zapraszamy r\u00f3wnie\u017c na inne nasze aukcje,\u00a0posiadamy szeroki wyb\u00f3r cz\u0119\u015bci do silnik\u00f3w zaburtowych oraz stacjonarnych.<\/p>\n","protected":false},"featured_media":6765,"comment_status":"open","ping_status":"closed","template":"","meta":[],"product_brand":[63],"product_cat":[115,120],"product_tag":[],"class_list":{"0":"post-2416","1":"product","2":"type-product","3":"status-publish","4":"has-post-thumbnail","6":"product_brand-suzuki","7":"product_cat-osprzet-silnikow","8":"product_cat-manetki-osprzet-silnikow","10":"first","11":"instock","12":"shipping-taxable","13":"purchasable","14":"product-type-simple"},"_links":{"self":[{"href":"https:\/\/srv113897.seohost.com.pl\/index.php\/wp-json\/wp\/v2\/product\/2416","targetHints":{"allow":["GET"]}}],"collection":[{"href":"https:\/\/srv113897.seohost.com.pl\/index.php\/wp-json\/wp\/v2\/product"}],"about":[{"href":"https:\/\/srv113897.seohost.com.pl\/index.php\/wp-json\/wp\/v2\/types\/product"}],"replies":[{"embeddable":true,"href":"https:\/\/srv113897.seohost.com.pl\/index.php\/wp-json\/wp\/v2\/comments?post=2416"}],"wp:featuredmedia":[{"embeddable":true,"href":"https:\/\/srv113897.seohost.com.pl\/index.php\/wp-json\/wp\/v2\/media\/6765"}],"wp:attachment":[{"href":"https:\/\/srv113897.seohost.com.pl\/index.php\/wp-json\/wp\/v2\/media?parent=2416"}],"wp:term":[{"taxonomy":"product_brand","embeddable":true,"href":"https:\/\/srv113897.seohost.com.pl\/index.php\/wp-json\/wp\/v2\/product_brand?post=2416"},{"taxonomy":"product_cat","embeddable":true,"href":"https:\/\/srv113897.seohost.com.pl\/index.php\/wp-json\/wp\/v2\/product_cat?post=2416"},{"taxonomy":"product_tag","embeddable":true,"href":"https:\/\/srv113897.seohost.com.pl\/index.php\/wp-json\/wp\/v2\/product_tag?post=2416"}],"curies":[{"name":"wp","href":"https:\/\/api.w.org\/{rel}","templated":true}]}}