{"id":2355,"date":"2025-10-01T20:26:12","date_gmt":"2025-10-01T18:26:12","guid":{"rendered":"https:\/\/srv113897.seohost.com.pl\/?post_type=product&#038;p=2355"},"modified":"2026-05-03T23:57:13","modified_gmt":"2026-05-03T21:57:13","slug":"kolo-zamachowe-yamaha-175km-silnik-zaburtowy","status":"publish","type":"product","link":"https:\/\/srv113897.seohost.com.pl\/index.php\/produkt\/kolo-zamachowe-yamaha-175km-silnik-zaburtowy\/","title":{"rendered":"Ko\u0142o zamachowe Yamaha 175KM silnik zaburtowy"},"content":{"rendered":"<p><b>W ofercie posiadamy<\/b><b>:<\/b><\/p>\n<p>Ko\u0142o zamachowe Yamaha 175KM Silnik zaburtowy<\/p>\n<p><b>Stan jak na zdj\u0119ciu.<\/b><\/p>\n<p>Cze\u015b\u0107 w 100% sprawna.<\/p>\n<p>W przypadku w\u0105tpliwo\u015bci, czy dana cze\u015b\u0107 pasuje do danego silnika prosimy wys\u0142a\u0107 zapytanie.<\/p>\n<p><b>Zapraszamy r\u00f3wnie\u017c na inne nasze aukcje,<\/b>\u00a0<b>posiadamy szeroki wyb\u00f3r cz\u0119\u015bci do silnik\u00f3w zaburtowych oraz stacjonarnych.<\/b><\/p>\n","protected":false},"excerpt":{"rendered":"<p>W ofercie posiadamy: Ko\u0142o zamachowe Yamaha 175KM Silnik zaburtowy Stan jak na zdj\u0119ciu. Cze\u015b\u0107 w 100% sprawna. W przypadku w\u0105tpliwo\u015bci, czy dana cze\u015b\u0107 pasuje do danego silnika prosimy wys\u0142a\u0107 zapytanie. Zapraszamy r\u00f3wnie\u017c na inne nasze aukcje,\u00a0posiadamy szeroki wyb\u00f3r cz\u0119\u015bci do silnik\u00f3w zaburtowych oraz stacjonarnych.<\/p>\n","protected":false},"featured_media":6707,"comment_status":"open","ping_status":"closed","template":"","meta":[],"product_brand":[64],"product_cat":[48,113],"product_tag":[],"class_list":{"0":"post-2355","1":"product","2":"type-product","3":"status-publish","4":"has-post-thumbnail","6":"product_brand-yamaha","7":"product_cat-czesci-silnikowe","8":"product_cat-kolo-zamachowe-magneto","10":"first","11":"instock","12":"shipping-taxable","13":"purchasable","14":"product-type-simple"},"_links":{"self":[{"href":"https:\/\/srv113897.seohost.com.pl\/index.php\/wp-json\/wp\/v2\/product\/2355","targetHints":{"allow":["GET"]}}],"collection":[{"href":"https:\/\/srv113897.seohost.com.pl\/index.php\/wp-json\/wp\/v2\/product"}],"about":[{"href":"https:\/\/srv113897.seohost.com.pl\/index.php\/wp-json\/wp\/v2\/types\/product"}],"replies":[{"embeddable":true,"href":"https:\/\/srv113897.seohost.com.pl\/index.php\/wp-json\/wp\/v2\/comments?post=2355"}],"wp:featuredmedia":[{"embeddable":true,"href":"https:\/\/srv113897.seohost.com.pl\/index.php\/wp-json\/wp\/v2\/media\/6707"}],"wp:attachment":[{"href":"https:\/\/srv113897.seohost.com.pl\/index.php\/wp-json\/wp\/v2\/media?parent=2355"}],"wp:term":[{"taxonomy":"product_brand","embeddable":true,"href":"https:\/\/srv113897.seohost.com.pl\/index.php\/wp-json\/wp\/v2\/product_brand?post=2355"},{"taxonomy":"product_cat","embeddable":true,"href":"https:\/\/srv113897.seohost.com.pl\/index.php\/wp-json\/wp\/v2\/product_cat?post=2355"},{"taxonomy":"product_tag","embeddable":true,"href":"https:\/\/srv113897.seohost.com.pl\/index.php\/wp-json\/wp\/v2\/product_tag?post=2355"}],"curies":[{"name":"wp","href":"https:\/\/api.w.org\/{rel}","templated":true}]}}