{"id":2068,"date":"2025-10-01T20:22:48","date_gmt":"2025-10-01T18:22:48","guid":{"rendered":"https:\/\/srv113897.seohost.com.pl\/?post_type=product&#038;p=2068"},"modified":"2026-05-03T23:54:02","modified_gmt":"2026-05-03T21:54:02","slug":"ciegno-linka-zmiany-biegow-przekladni-omc-cobra-sierra-kpl-uczelek","status":"publish","type":"product","link":"https:\/\/srv113897.seohost.com.pl\/index.php\/produkt\/ciegno-linka-zmiany-biegow-przekladni-omc-cobra-sierra-kpl-uczelek\/","title":{"rendered":"Ci\u0119gno Linka zmiany bieg\u00f3w przek\u0142adni OMC Cobra, Sierra kpl. uczelek"},"content":{"rendered":"<p><b>W ofercie posiadamy<\/b><b>:<\/b><\/p>\n<h2>Linka zmiany bieg\u00f3w wraz z kpl. uszczelek Sierra 18-2245-1 kpl. do przek\u0142adni OMC Cobra 1988-1993 (Cobra Sterndrives)<\/h2>\n<h2>OMC 0987661<\/h2>\n<p><b>Zast\u0119puje numery<\/b><\/p>\n<p><b>OMC Stern Drive<\/b><\/p>\n<ul>\n<li>985587<\/li>\n<li>986654<\/li>\n<li>987498<\/li>\n<li>987661<\/li>\n<\/ul>\n<ul>\n<li><b>Drut ci\u0119gna<\/b>: 68&#8243; = 1728mm<\/li>\n<li><b>Pancerz ci\u0119gna<\/b>: 58-1\/2&#8243; = 1486mm<\/li>\n<li><b>Do przek\u0142adni<\/b>: 1988-1993 OMC Cobra (opr\u00f3cz King Cobra) bez sprz\u0119g\u0142a sto\u017ckowego \/ without cone clutch \/<\/li>\n<\/ul>\n<p><b>Zapraszamy r\u00f3wnie\u017c na inne nasze aukcje,<\/b>\u00a0<b>posiadamy szeroki wyb\u00f3r cz\u0119\u015bci do silnik\u00f3w zaburtowych oraz stacjonarnych.<\/b><\/p>\n","protected":false},"excerpt":{"rendered":"<p>W ofercie posiadamy: Linka zmiany bieg\u00f3w wraz z kpl. uszczelek Sierra 18-2245-1 kpl. do przek\u0142adni OMC Cobra 1988-1993 (Cobra Sterndrives) OMC 0987661 Zast\u0119puje numery OMC Stern Drive 985587 986654 987498 987661 Drut ci\u0119gna: 68&#8243; = 1728mm Pancerz ci\u0119gna: 58-1\/2&#8243; = 1486mm Do przek\u0142adni: 1988-1993 OMC Cobra (opr\u00f3cz King Cobra) bez sprz\u0119g\u0142a sto\u017ckowego \/ without cone [&hellip;]<\/p>\n","protected":false},"featured_media":6486,"comment_status":"open","ping_status":"closed","template":"","meta":[],"product_brand":[105],"product_cat":[48,74],"product_tag":[],"class_list":{"0":"post-2068","1":"product","2":"type-product","3":"status-publish","4":"has-post-thumbnail","6":"product_brand-omc","7":"product_cat-czesci-silnikowe","8":"product_cat-gazniki","10":"first","11":"instock","12":"shipping-taxable","13":"purchasable","14":"product-type-simple"},"_links":{"self":[{"href":"https:\/\/srv113897.seohost.com.pl\/index.php\/wp-json\/wp\/v2\/product\/2068","targetHints":{"allow":["GET"]}}],"collection":[{"href":"https:\/\/srv113897.seohost.com.pl\/index.php\/wp-json\/wp\/v2\/product"}],"about":[{"href":"https:\/\/srv113897.seohost.com.pl\/index.php\/wp-json\/wp\/v2\/types\/product"}],"replies":[{"embeddable":true,"href":"https:\/\/srv113897.seohost.com.pl\/index.php\/wp-json\/wp\/v2\/comments?post=2068"}],"wp:featuredmedia":[{"embeddable":true,"href":"https:\/\/srv113897.seohost.com.pl\/index.php\/wp-json\/wp\/v2\/media\/6486"}],"wp:attachment":[{"href":"https:\/\/srv113897.seohost.com.pl\/index.php\/wp-json\/wp\/v2\/media?parent=2068"}],"wp:term":[{"taxonomy":"product_brand","embeddable":true,"href":"https:\/\/srv113897.seohost.com.pl\/index.php\/wp-json\/wp\/v2\/product_brand?post=2068"},{"taxonomy":"product_cat","embeddable":true,"href":"https:\/\/srv113897.seohost.com.pl\/index.php\/wp-json\/wp\/v2\/product_cat?post=2068"},{"taxonomy":"product_tag","embeddable":true,"href":"https:\/\/srv113897.seohost.com.pl\/index.php\/wp-json\/wp\/v2\/product_tag?post=2068"}],"curies":[{"name":"wp","href":"https:\/\/api.w.org\/{rel}","templated":true}]}}