{"id":1923,"date":"2025-10-01T20:21:11","date_gmt":"2025-10-01T18:21:11","guid":{"rendered":"https:\/\/srv113897.seohost.com.pl\/?post_type=product&#038;p=1923"},"modified":"2026-05-03T23:53:23","modified_gmt":"2026-05-03T21:53:23","slug":"alternator-volvo-penta-silnik-stacjonarny","status":"publish","type":"product","link":"https:\/\/srv113897.seohost.com.pl\/index.php\/produkt\/alternator-volvo-penta-silnik-stacjonarny\/","title":{"rendered":"Alternator VOLVO PENTA silnik stacjonarny"},"content":{"rendered":"<p>Do sprzedania alternator do silnika stacjonarnego VOLVO PENTA.<\/p>\n<p>Przed zakupem prosz\u0119 o kontakt tel. w celu unikni\u0119cia nieporozumie\u0144.<\/p>\n","protected":false},"excerpt":{"rendered":"<p>Do sprzedania alternator do silnika stacjonarnego VOLVO PENTA. Przed zakupem prosz\u0119 o kontakt tel. w celu unikni\u0119cia nieporozumie\u0144.<\/p>\n","protected":false},"featured_media":6430,"comment_status":"open","ping_status":"closed","template":"","meta":[],"product_brand":[79],"product_cat":[48,89],"product_tag":[],"class_list":{"0":"post-1923","1":"product","2":"type-product","3":"status-publish","4":"has-post-thumbnail","6":"product_brand-volvo-penta","7":"product_cat-czesci-silnikowe","8":"product_cat-alternatory","10":"first","11":"instock","12":"shipping-taxable","13":"purchasable","14":"product-type-simple"},"_links":{"self":[{"href":"https:\/\/srv113897.seohost.com.pl\/index.php\/wp-json\/wp\/v2\/product\/1923","targetHints":{"allow":["GET"]}}],"collection":[{"href":"https:\/\/srv113897.seohost.com.pl\/index.php\/wp-json\/wp\/v2\/product"}],"about":[{"href":"https:\/\/srv113897.seohost.com.pl\/index.php\/wp-json\/wp\/v2\/types\/product"}],"replies":[{"embeddable":true,"href":"https:\/\/srv113897.seohost.com.pl\/index.php\/wp-json\/wp\/v2\/comments?post=1923"}],"wp:featuredmedia":[{"embeddable":true,"href":"https:\/\/srv113897.seohost.com.pl\/index.php\/wp-json\/wp\/v2\/media\/6430"}],"wp:attachment":[{"href":"https:\/\/srv113897.seohost.com.pl\/index.php\/wp-json\/wp\/v2\/media?parent=1923"}],"wp:term":[{"taxonomy":"product_brand","embeddable":true,"href":"https:\/\/srv113897.seohost.com.pl\/index.php\/wp-json\/wp\/v2\/product_brand?post=1923"},{"taxonomy":"product_cat","embeddable":true,"href":"https:\/\/srv113897.seohost.com.pl\/index.php\/wp-json\/wp\/v2\/product_cat?post=1923"},{"taxonomy":"product_tag","embeddable":true,"href":"https:\/\/srv113897.seohost.com.pl\/index.php\/wp-json\/wp\/v2\/product_tag?post=1923"}],"curies":[{"name":"wp","href":"https:\/\/api.w.org\/{rel}","templated":true}]}}