{"id":1890,"date":"2025-10-01T20:20:48","date_gmt":"2025-10-01T18:20:48","guid":{"rendered":"https:\/\/srv113897.seohost.com.pl\/?post_type=product&#038;p=1890"},"modified":"2026-05-03T23:53:20","modified_gmt":"2026-05-03T21:53:20","slug":"bayliner-2950-flay-jacht-lodz-motorowa","status":"publish","type":"product","link":"https:\/\/srv113897.seohost.com.pl\/index.php\/produkt\/bayliner-2950-flay-jacht-lodz-motorowa\/","title":{"rendered":"Bayliner 2950 Flay jacht \u0142\u00f3d\u017a motorowa"},"content":{"rendered":"<p>\u0141\u00f3dz bardzo przestronna w \u015brodku 3 du\u017ce \u0142\u00f3\u017cka do spania + 1 pojedyncze. Silnik zaburtowy YAMAHA 60 KM EFI. Dwie ster\u00f3wki,sterowanie hydrauliczne, zarejestrowana na 13 os\u00f3b. Toaleta z maceratorem, zbiorniki na czyst\u0105 i brudn\u0105 wod\u0119. Kuchenka, zlewozmywak, lod\u00f3wka, TV. Po wi\u0119cej informacji prosz\u0119 dzwoni\u0107.<\/p>\n","protected":false},"excerpt":{"rendered":"<p>\u0141\u00f3dz bardzo przestronna w \u015brodku 3 du\u017ce \u0142\u00f3\u017cka do spania + 1 pojedyncze. Silnik zaburtowy YAMAHA 60 KM EFI. Dwie ster\u00f3wki,sterowanie hydrauliczne, zarejestrowana na 13 os\u00f3b. Toaleta z maceratorem, zbiorniki na czyst\u0105 i brudn\u0105 wod\u0119. Kuchenka, zlewozmywak, lod\u00f3wka, TV. Po wi\u0119cej informacji prosz\u0119 dzwoni\u0107.<\/p>\n","protected":false},"featured_media":6420,"comment_status":"open","ping_status":"closed","template":"","meta":[],"product_brand":[100],"product_cat":[46],"product_tag":[],"class_list":{"0":"post-1890","1":"product","2":"type-product","3":"status-publish","4":"has-post-thumbnail","6":"product_brand-bayliner","7":"product_cat-lodzie-i-inne","9":"first","10":"instock","11":"shipping-taxable","12":"purchasable","13":"product-type-simple"},"_links":{"self":[{"href":"https:\/\/srv113897.seohost.com.pl\/index.php\/wp-json\/wp\/v2\/product\/1890","targetHints":{"allow":["GET"]}}],"collection":[{"href":"https:\/\/srv113897.seohost.com.pl\/index.php\/wp-json\/wp\/v2\/product"}],"about":[{"href":"https:\/\/srv113897.seohost.com.pl\/index.php\/wp-json\/wp\/v2\/types\/product"}],"replies":[{"embeddable":true,"href":"https:\/\/srv113897.seohost.com.pl\/index.php\/wp-json\/wp\/v2\/comments?post=1890"}],"wp:featuredmedia":[{"embeddable":true,"href":"https:\/\/srv113897.seohost.com.pl\/index.php\/wp-json\/wp\/v2\/media\/6420"}],"wp:attachment":[{"href":"https:\/\/srv113897.seohost.com.pl\/index.php\/wp-json\/wp\/v2\/media?parent=1890"}],"wp:term":[{"taxonomy":"product_brand","embeddable":true,"href":"https:\/\/srv113897.seohost.com.pl\/index.php\/wp-json\/wp\/v2\/product_brand?post=1890"},{"taxonomy":"product_cat","embeddable":true,"href":"https:\/\/srv113897.seohost.com.pl\/index.php\/wp-json\/wp\/v2\/product_cat?post=1890"},{"taxonomy":"product_tag","embeddable":true,"href":"https:\/\/srv113897.seohost.com.pl\/index.php\/wp-json\/wp\/v2\/product_tag?post=1890"}],"curies":[{"name":"wp","href":"https:\/\/api.w.org\/{rel}","templated":true}]}}