{"id":1889,"date":"2025-10-01T20:20:48","date_gmt":"2025-10-01T18:20:48","guid":{"rendered":"https:\/\/srv113897.seohost.com.pl\/?post_type=product&#038;p=1889"},"modified":"2026-05-03T23:53:19","modified_gmt":"2026-05-03T21:53:19","slug":"jacht-marki-elan-36-s-y-demeter-dlugosc-kadluba-1064m-zanurzenie-17-m","status":"publish","type":"product","link":"https:\/\/srv113897.seohost.com.pl\/index.php\/produkt\/jacht-marki-elan-36-s-y-demeter-dlugosc-kadluba-1064m-zanurzenie-17-m\/","title":{"rendered":"Jacht marki Elan 36 s\/y Demeter. D\u0142ugo\u015b\u0107 kad\u0142uba 10,64m. Zanurzenie 1,7 m"},"content":{"rendered":"<p>Do sprzedania oferujemy sw\u00f3j prywatny jacht marki Elan 36 s\/y Demeter. D\u0142ugo\u015b\u0107 kad\u0142uba 10,64m. Zanurzenie 1,7 m.<\/p>\n<p>Jacht zarejestrowany jest pod polsk\u0105 bander\u0105, na 8 os\u00f3b.<\/p>\n<p>W zesz\u0142ym roku Elan zosta\u0142 przez nas starannie odnowiony pod wzgl\u0119dem technicznym, mechanicznym i wizualnym, w \u015brodku i na zewn\u0105trz, co wida\u0107 na zdj\u0119ciach.<\/p>\n<p>Zamontowane zosta\u0142y m. in.: panele s\u0142oneczne, wraz z osprz\u0119tem, co czyni jacht w pe\u0142ni autonomicznym i pozwala na komfortowe korzystanie ze wszystkich udogodnie\u0144 wymagaj\u0105cych pr\u0105du m.in. lod\u00f3wki bez konieczno\u015bci zawijania do mariny.<\/p>\n<p>Zamontowano wind\u0119 kotwiczn\u0105 z nowym, mocniejszym silnikiem Lofrans\u2019 o mocy 1300 Watt. Dodatkowo zainstalowany zosta\u0142 nowy \u0142a\u0144cuch kotwiczny o d\u0142ugo\u015bci 60m wraz z solidn\u0105 kotwic\u0105 25kg.<\/p>\n<p>Wymieniono na nowy agregat lod\u00f3wki, nape\u0142niono uk\u0142ad nowym czynnikiem ch\u0142odniczym oraz poprawiono izolacj\u0119 termiczn\u0105.<\/p>\n<p>Ponadto na jachcie wykonano (w zesz\u0142ym roku) ca\u0142kowicie nowy pok\u0142ad renomowanej firmy Flexiteek, co pozwoli cieszy\u0107 si\u0119 bezproblemow\u0105 eksploatacj\u0105 przez wiele lat.<br \/>\nWszystkie kabiny, WC oraz messa wyposa\u017cone zosta\u0142y w nowoczesne o\u015bwietlenie led oraz gniazda do \u0142adowania USB.<br \/>\nInstalacja fotowoltaiczna oraz elektryczna zbudowana jest na osprz\u0119cie renomowanej firmy Victron Energy.<\/p>\n<p>Z najwa\u017cniejszych element\u00f3w wyposa\u017cenia Elana 36 wymieni\u0107 nale\u017cy:<\/p>\n<p>&#8211; Silnik Yanmar 3gm30F, po pe\u0142nym serwisie, 5680 motogodzin, w pe\u0142ni bezawaryjny ;<br \/>\n&#8211; Zbiornik paliwa 90l;<br \/>\n&#8211; autopilot Raymarine seria I 50;<br \/>\n&#8211; Tridata Raymarine seria ST 60;<br \/>\n&#8211; Wiatromierz Raymarine seria ST 60;<br \/>\n&#8211; Ploter Garmin GPS Map 521;<br \/>\n&#8211; Radiostacja VHF w mesie Raymarine;<br \/>\n&#8211; Kamizelki ratunkowe, ko\u0142o ratunkowe, pasy sztormowe, \u015brodki pirotechniczne;<br \/>\n&#8211; \u20602x ga\u015bnica + koc ga\u015bniczy;<br \/>\n&#8211; \u2060apteczka pierwszej pomocy;<br \/>\n&#8211; Winda kotwiczna Lofrans\u2019 Project X2 z nowym silnikiem 1300 Watt;<br \/>\n&#8211; Kotwica Lewmar, Delta 25 kg;<br \/>\n&#8211; Nowy \u0142a\u0144cuch kotwiczny 8mm 60 metr\u00f3w;<br \/>\n&#8211; \u2060Nowy pilot windy kotwicznej Quick;<br \/>\n&#8211; Osprz\u0119t elektryczny Victron Energy Smart Bluetooth m. in. \u0142adowarka wodoszczelna IP 67 25A, regulator Blue Solar MPPT 100V\/30A, monitor energii BMV 700 + Bluetooth Smart Dongle;<br \/>\n&#8211; Panel solarny o mocy 420 Watt;<br \/>\n&#8211; \u2060Akumulatory 2 letnie, 1x 95Ah rozruchowy z systemem separacji, 2x100Ah hotelowe;<br \/>\n&#8211; \u2060Router WiFi ZTE;<br \/>\n&#8211; \u017bagle 4 lata, w bardzo dobrej kondycji;<br \/>\n&#8211; Genua na rolerze furlex Selden;<br \/>\n&#8211; Grot zwijany do masztu;<br \/>\n&#8211; \u20604 kabestany Lewmar w kokpicie;<br \/>\n&#8211; Nowy rozk\u0142adany stolik w kokpicie;<br \/>\n&#8211; 3 kabiny 2 osobowe ( 2 rufowe i 1 dziobowa)<br \/>\n&#8211; 1x \u0142azienka, toaleta head z r\u0119czn\u0105 pomp\u0105, z prysznicem i bojlerem z ciep\u0142\u0105 wod\u0105 + prysznic rufowy;<br \/>\n&#8211; Bimini + Sprayhood;<br \/>\n&#8211; \u2060Kuchenka 3 palnikowa z piekarnikiem na kardanie;<br \/>\n&#8211; Zlew 2 komorowy z kranem morskim(pompa no\u017cna) oraz kranem s\u0142odkiej wody;<br \/>\n&#8211; Zbiorniki s\u0142odkiej wody ze stali nierdzewnej ponad 255 l;<br \/>\n&#8211; St\u00f3\u0142 w mesie, z barkiem, opuszczany, z funkcj\u0105 dodatkowego spania;<br \/>\n&#8211; Radioodbiornik stereo Alpine z nag\u0142o\u015bnieniem wewn\u0105trz i na zewn\u0105trz w kokpicie;<br \/>\n&#8211; Pompa z\u0119zowa elektryczna + r\u0119czna;<br \/>\n&#8211; Trap, bosak, 8 odbijaczy bocznych, jeden odbijacz rufowy;<br \/>\n&#8211; Pe\u0142ne wyposa\u017cenie kambuza;<br \/>\n&#8211; Ponton Colibri wraz z silnikiem Honda 2,3km;<\/p>\n<p>&nbsp;<\/p>\n<p>Jacht stacjonuje w Chorwacji na wyspie dugi otok<\/p>\n","protected":false},"excerpt":{"rendered":"<p>Do sprzedania oferujemy sw\u00f3j prywatny jacht marki Elan 36 s\/y Demeter. D\u0142ugo\u015b\u0107 kad\u0142uba 10,64m. Zanurzenie 1,7 m. Jacht zarejestrowany jest pod polsk\u0105 bander\u0105, na 8 os\u00f3b. W zesz\u0142ym roku Elan zosta\u0142 przez nas starannie odnowiony pod wzgl\u0119dem technicznym, mechanicznym i wizualnym, w \u015brodku i na zewn\u0105trz, co wida\u0107 na zdj\u0119ciach. Zamontowane zosta\u0142y m. in.: panele [&hellip;]<\/p>\n","protected":false},"featured_media":6384,"comment_status":"open","ping_status":"closed","template":"","meta":[],"product_brand":[99],"product_cat":[46],"product_tag":[],"class_list":{"0":"post-1889","1":"product","2":"type-product","3":"status-publish","4":"has-post-thumbnail","6":"product_brand-elan","7":"product_cat-lodzie-i-inne","9":"first","10":"instock","11":"shipping-taxable","12":"purchasable","13":"product-type-simple"},"_links":{"self":[{"href":"https:\/\/srv113897.seohost.com.pl\/index.php\/wp-json\/wp\/v2\/product\/1889","targetHints":{"allow":["GET"]}}],"collection":[{"href":"https:\/\/srv113897.seohost.com.pl\/index.php\/wp-json\/wp\/v2\/product"}],"about":[{"href":"https:\/\/srv113897.seohost.com.pl\/index.php\/wp-json\/wp\/v2\/types\/product"}],"replies":[{"embeddable":true,"href":"https:\/\/srv113897.seohost.com.pl\/index.php\/wp-json\/wp\/v2\/comments?post=1889"}],"wp:featuredmedia":[{"embeddable":true,"href":"https:\/\/srv113897.seohost.com.pl\/index.php\/wp-json\/wp\/v2\/media\/6384"}],"wp:attachment":[{"href":"https:\/\/srv113897.seohost.com.pl\/index.php\/wp-json\/wp\/v2\/media?parent=1889"}],"wp:term":[{"taxonomy":"product_brand","embeddable":true,"href":"https:\/\/srv113897.seohost.com.pl\/index.php\/wp-json\/wp\/v2\/product_brand?post=1889"},{"taxonomy":"product_cat","embeddable":true,"href":"https:\/\/srv113897.seohost.com.pl\/index.php\/wp-json\/wp\/v2\/product_cat?post=1889"},{"taxonomy":"product_tag","embeddable":true,"href":"https:\/\/srv113897.seohost.com.pl\/index.php\/wp-json\/wp\/v2\/product_tag?post=1889"}],"curies":[{"name":"wp","href":"https:\/\/api.w.org\/{rel}","templated":true}]}}