{"id":1888,"date":"2025-10-01T20:20:48","date_gmt":"2025-10-01T18:20:48","guid":{"rendered":"https:\/\/srv113897.seohost.com.pl\/?post_type=product&#038;p=1888"},"modified":"2026-05-03T23:53:02","modified_gmt":"2026-05-03T21:53:02","slug":"motorowka-slizgacz-przyczepka","status":"publish","type":"product","link":"https:\/\/srv113897.seohost.com.pl\/index.php\/produkt\/motorowka-slizgacz-przyczepka\/","title":{"rendered":"motor\u00f3wka \u015blizgacz + przyczepka"},"content":{"rendered":"<p>Do sprzedania szybki \u015blizgacz by\u0142 zrobiony pod zam\u00f3wienie do wy\u015bcig\u00f3w.<br \/>\n3.15 d\u0142ugo\u015b\u0107<br \/>\n1.20 szeroko\u015b\u0107<br \/>\npod stop\u0119 S<br \/>\nw komplecie z przyczepk\u0105 nierejestrowan\u0105.<\/p>\n","protected":false},"excerpt":{"rendered":"<p>Do sprzedania szybki \u015blizgacz by\u0142 zrobiony pod zam\u00f3wienie do wy\u015bcig\u00f3w. 3.15 d\u0142ugo\u015b\u0107 1.20 szeroko\u015b\u0107 pod stop\u0119 S w komplecie z przyczepk\u0105 nierejestrowan\u0105.<\/p>\n","protected":false},"featured_media":6377,"comment_status":"open","ping_status":"closed","template":"","meta":[],"product_brand":[],"product_cat":[46],"product_tag":[],"class_list":{"0":"post-1888","1":"product","2":"type-product","3":"status-publish","4":"has-post-thumbnail","6":"product_cat-lodzie-i-inne","8":"first","9":"instock","10":"shipping-taxable","11":"purchasable","12":"product-type-simple"},"_links":{"self":[{"href":"https:\/\/srv113897.seohost.com.pl\/index.php\/wp-json\/wp\/v2\/product\/1888","targetHints":{"allow":["GET"]}}],"collection":[{"href":"https:\/\/srv113897.seohost.com.pl\/index.php\/wp-json\/wp\/v2\/product"}],"about":[{"href":"https:\/\/srv113897.seohost.com.pl\/index.php\/wp-json\/wp\/v2\/types\/product"}],"replies":[{"embeddable":true,"href":"https:\/\/srv113897.seohost.com.pl\/index.php\/wp-json\/wp\/v2\/comments?post=1888"}],"wp:featuredmedia":[{"embeddable":true,"href":"https:\/\/srv113897.seohost.com.pl\/index.php\/wp-json\/wp\/v2\/media\/6377"}],"wp:attachment":[{"href":"https:\/\/srv113897.seohost.com.pl\/index.php\/wp-json\/wp\/v2\/media?parent=1888"}],"wp:term":[{"taxonomy":"product_brand","embeddable":true,"href":"https:\/\/srv113897.seohost.com.pl\/index.php\/wp-json\/wp\/v2\/product_brand?post=1888"},{"taxonomy":"product_cat","embeddable":true,"href":"https:\/\/srv113897.seohost.com.pl\/index.php\/wp-json\/wp\/v2\/product_cat?post=1888"},{"taxonomy":"product_tag","embeddable":true,"href":"https:\/\/srv113897.seohost.com.pl\/index.php\/wp-json\/wp\/v2\/product_tag?post=1888"}],"curies":[{"name":"wp","href":"https:\/\/api.w.org\/{rel}","templated":true}]}}