{"id":1885,"date":"2025-10-01T20:20:48","date_gmt":"2025-10-01T18:20:48","guid":{"rendered":"https:\/\/srv113897.seohost.com.pl\/?post_type=product&#038;p=1885"},"modified":"2026-05-03T23:52:21","modified_gmt":"2026-05-03T21:52:21","slug":"ponton-rib-walker-bay-genesis-270","status":"publish","type":"product","link":"https:\/\/srv113897.seohost.com.pl\/index.php\/produkt\/ponton-rib-walker-bay-genesis-270\/","title":{"rendered":"Ponton RIB Walker bay genesis 270"},"content":{"rendered":"<p>Ponton renomowanej marki Walker bay genesis, d\u0142ugo\u015b\u0107 270cm 3-osobowy, mo\u017cliwo\u015b\u0107 za\u0142o\u017cenia silnika do 10KM, ponton w idealnym stanie powystawowy, brak pod\u0142ogi jak na zdj\u0119ciach.<\/p>\n","protected":false},"excerpt":{"rendered":"<p>Ponton renomowanej marki Walker bay genesis, d\u0142ugo\u015b\u0107 270cm 3-osobowy, mo\u017cliwo\u015b\u0107 za\u0142o\u017cenia silnika do 10KM, ponton w idealnym stanie powystawowy, brak pod\u0142ogi jak na zdj\u0119ciach.<\/p>\n","protected":false},"featured_media":6354,"comment_status":"open","ping_status":"closed","template":"","meta":[],"product_brand":[97],"product_cat":[46],"product_tag":[],"class_list":{"0":"post-1885","1":"product","2":"type-product","3":"status-publish","4":"has-post-thumbnail","6":"product_brand-walker-bay","7":"product_cat-lodzie-i-inne","9":"first","10":"instock","11":"shipping-taxable","12":"purchasable","13":"product-type-simple"},"_links":{"self":[{"href":"https:\/\/srv113897.seohost.com.pl\/index.php\/wp-json\/wp\/v2\/product\/1885","targetHints":{"allow":["GET"]}}],"collection":[{"href":"https:\/\/srv113897.seohost.com.pl\/index.php\/wp-json\/wp\/v2\/product"}],"about":[{"href":"https:\/\/srv113897.seohost.com.pl\/index.php\/wp-json\/wp\/v2\/types\/product"}],"replies":[{"embeddable":true,"href":"https:\/\/srv113897.seohost.com.pl\/index.php\/wp-json\/wp\/v2\/comments?post=1885"}],"wp:featuredmedia":[{"embeddable":true,"href":"https:\/\/srv113897.seohost.com.pl\/index.php\/wp-json\/wp\/v2\/media\/6354"}],"wp:attachment":[{"href":"https:\/\/srv113897.seohost.com.pl\/index.php\/wp-json\/wp\/v2\/media?parent=1885"}],"wp:term":[{"taxonomy":"product_brand","embeddable":true,"href":"https:\/\/srv113897.seohost.com.pl\/index.php\/wp-json\/wp\/v2\/product_brand?post=1885"},{"taxonomy":"product_cat","embeddable":true,"href":"https:\/\/srv113897.seohost.com.pl\/index.php\/wp-json\/wp\/v2\/product_cat?post=1885"},{"taxonomy":"product_tag","embeddable":true,"href":"https:\/\/srv113897.seohost.com.pl\/index.php\/wp-json\/wp\/v2\/product_tag?post=1885"}],"curies":[{"name":"wp","href":"https:\/\/api.w.org\/{rel}","templated":true}]}}