{"id":1848,"date":"2025-10-01T20:20:23","date_gmt":"2025-10-01T18:20:23","guid":{"rendered":"https:\/\/srv113897.seohost.com.pl\/?post_type=product&#038;p=1848"},"modified":"2026-05-03T23:52:12","modified_gmt":"2026-05-03T21:52:12","slug":"rib-4-60-z-silnikiem-evinrude-25","status":"publish","type":"product","link":"https:\/\/srv113897.seohost.com.pl\/index.php\/produkt\/rib-4-60-z-silnikiem-evinrude-25\/","title":{"rendered":"Rib 4.60 z silnikiem Evinrude 25"},"content":{"rendered":"<p>Rib 4.60 z silnikiem evinrude 25 czterosuwowym sprawny . Rib do poprawy przednia tuba ma\u0142a nieszczelno\u015b\u0107 cena promocyjna<\/p>\n","protected":false},"excerpt":{"rendered":"<p>Rib 4.60 z silnikiem evinrude 25 czterosuwowym sprawny . Rib do poprawy przednia tuba ma\u0142a nieszczelno\u015b\u0107 cena promocyjna<\/p>\n","protected":false},"featured_media":6335,"comment_status":"open","ping_status":"closed","template":"","meta":[],"product_brand":[71],"product_cat":[46],"product_tag":[],"class_list":{"0":"post-1848","1":"product","2":"type-product","3":"status-publish","4":"has-post-thumbnail","6":"product_brand-evinrude","7":"product_cat-lodzie-i-inne","9":"first","10":"instock","11":"shipping-taxable","12":"purchasable","13":"product-type-simple"},"_links":{"self":[{"href":"https:\/\/srv113897.seohost.com.pl\/index.php\/wp-json\/wp\/v2\/product\/1848","targetHints":{"allow":["GET"]}}],"collection":[{"href":"https:\/\/srv113897.seohost.com.pl\/index.php\/wp-json\/wp\/v2\/product"}],"about":[{"href":"https:\/\/srv113897.seohost.com.pl\/index.php\/wp-json\/wp\/v2\/types\/product"}],"replies":[{"embeddable":true,"href":"https:\/\/srv113897.seohost.com.pl\/index.php\/wp-json\/wp\/v2\/comments?post=1848"}],"wp:featuredmedia":[{"embeddable":true,"href":"https:\/\/srv113897.seohost.com.pl\/index.php\/wp-json\/wp\/v2\/media\/6335"}],"wp:attachment":[{"href":"https:\/\/srv113897.seohost.com.pl\/index.php\/wp-json\/wp\/v2\/media?parent=1848"}],"wp:term":[{"taxonomy":"product_brand","embeddable":true,"href":"https:\/\/srv113897.seohost.com.pl\/index.php\/wp-json\/wp\/v2\/product_brand?post=1848"},{"taxonomy":"product_cat","embeddable":true,"href":"https:\/\/srv113897.seohost.com.pl\/index.php\/wp-json\/wp\/v2\/product_cat?post=1848"},{"taxonomy":"product_tag","embeddable":true,"href":"https:\/\/srv113897.seohost.com.pl\/index.php\/wp-json\/wp\/v2\/product_tag?post=1848"}],"curies":[{"name":"wp","href":"https:\/\/api.w.org\/{rel}","templated":true}]}}