{"id":1846,"date":"2025-10-01T20:20:22","date_gmt":"2025-10-01T18:20:22","guid":{"rendered":"https:\/\/srv113897.seohost.com.pl\/?post_type=product&#038;p=1846"},"modified":"2026-05-03T23:51:58","modified_gmt":"2026-05-03T21:51:58","slug":"skuter-wodny-sea-doo-gtx-260-ltd-2015-32mth","status":"publish","type":"product","link":"https:\/\/srv113897.seohost.com.pl\/index.php\/produkt\/skuter-wodny-sea-doo-gtx-260-ltd-2015-32mth\/","title":{"rendered":"Skuter wodny SEA DOO GTX 260 LTD 2015 32MTH"},"content":{"rendered":"<p>w ofercie posiadamy skuter sea doo 260 limited 32 MTH !! skuter posiada inteligentne zawieszenie niezale\u017cne od kad\u0142uba ,vts system zmiennego trymu , ibr elektronicznie sterowany hamulec hydrodynamiczny i bieg wsteczny, icontrol itd stan jak nowy z minimalnym przebiegiem. Oferujemy mo\u017cliwo\u015b\u0107 zakupienie z przyczep\u0105 bez prawa rejestracji.<\/p>\n<p>PAKIET LIMITED:<br \/>\n* dodatkowe funkcje: g\u0142\u0119boko\u015bciomierz, wska\u017anik temperatury wody i wysoko\u015bci n.p.m., zasi\u0119g i czas p\u0142ywania na pozosta\u0142ym paliwie, tempomat, tryb Slow (powolne przemieszczanie si\u0119 z minimalnym ha\u0142asem i m\u0105ceniem wody, np. blisko nabrze\u017cy czy w zat\u0142oczonych miejscach)<br \/>\n* sportowy VTS<br \/>\n* zwijane cumy Speed Tie<br \/>\n* wodoszczelna torba na baga\u017c<br \/>\n* wyjmowany wodoszczelny organizer schowka pod kierownic\u0105<br \/>\n* zestaw ratunkowy<br \/>\n* pokrowiec na skuter<\/p>\n<p>* VTS<br \/>\n* iBR<br \/>\n* iControl<br \/>\n* tryb Touring \u2013 ograniczona moc i \u0142agodna reakcja przepustnicy, idealny tryb do pokonywania d\u0142ugich dystans\u00f3w<br \/>\n* tryb Sport \u2013 pe\u0142na moc i agresywna reakcja przepustnicy umo\u017cliwia wykorzystanie 100% osi\u0105g\u00f3w pojazdu<br \/>\n* Tryb ECO \u2013 iControl automatycznie reguluje moc silnika i reakcj\u0119 przepustnicy w celu uzyskania najni\u017cszego mo\u017cliwego zu\u017cycia paliwa<br \/>\n* Learning Key<br \/>\n* wygodne siedzisko Touring z uchwytem i paskiem dla pasa\u017cera, otwierane zawiasowo dla lepszego dost\u0119pu do silnika<br \/>\n* immobiliser D.E.S.S.<br \/>\n* regulowana kolumna kierownicy<br \/>\n* D-Sea-Bel \u2013 system rezonator\u00f3w i materia\u0142\u00f3w poch\u0142aniaj\u0105cych wibracje sprawia, \u017ce Sea-Doo to jedne z najcichszych skuter\u00f3w wodnych na \u015bwiecie<br \/>\n* wlew paliwa zamykany na bezpieczny zatrzask<br \/>\n* wodoszczelny, wyjmowany baga\u017cnik<br \/>\n* tylny pok\u0142ad ze schowkiem i wygodnym dost\u0119pem do akumulatora i bezpiecznik\u00f3w<br \/>\n* elektroniczny wy\u015bwietlacz wielofunkcyjny (34 funkcje)<br \/>\n* gumowe zderzaki<br \/>\n* wn\u0119ki dla st\u00f3p i tylna platforma wy\u0142o\u017cone mat\u0105 przeciwpo\u015blizgow\u0105 z logo Sea-Doo<br \/>\n* szerokok\u0105tne lusterka wsteczne<br \/>\n* hak holowniczy<br \/>\n* uchwyty i sk\u0142adany stopie\u0144 u\u0142atwiaj\u0105ce wchodzenie na pojazd z wody<br \/>\n* nak\u0142adka ch\u0142odz\u0105ca rur\u0119 wydechow\u0105<\/p>\n<p>DANE TECHNICZNE:<br \/>\nSILNIK:<br \/>\n* Rotax 1503 HO 4-TEC, 1494 cm3 czterosuwowy, rz\u0119dowy 3-cylindowy, 4 zawory na cylinder, elektroniczny wtrysk paliwa<br \/>\n* do\u0142adowany, spr\u0119\u017carka mechaniczna, intercooler<br \/>\n* moc: 260 KM<br \/>\n* ch\u0142odzony ciecz\u0105 dwoma uk\u0142adami: otwartym i zamkni\u0119tym CLCS<br \/>\n* elektryczny rozrusznik<br \/>\n* elektronicznie sterowana przepustnica iTC<br \/>\nWYMIARY<br \/>\n* Wymiary (d\u0142ugo\u015b\u0107 x szeroko\u015b\u0107): 3535 x 1224 mm<br \/>\n* Masa w\u0142asna: 375 kg<br \/>\n* Ilo\u015b\u0107 miejsc: 3<br \/>\n* \u0141adowno\u015b\u0107: 227 kg<br \/>\n* Pojemno\u015b\u0107 zbiornika paliwa: 60 l<br \/>\n* Pojemno\u015b\u0107 schowk\u00f3w: 52 l<\/p>\n<p>NAP\u0118D:<br \/>\n* system wspomagania sterowno\u015bci przy ma\u0142ych obrotach silnika O.T.A.S.<br \/>\n* p\u0119dnik ze stali nierdzewnej<\/p>\n<p>KAD\u0141UB:<br \/>\n* typ S3<br \/>\n* d\u0142uga platforma<br \/>\n* g\u0142\u0119boki v-denny \u2013 na wzburzon\u0105 wod\u0119, konstrukcja zmniejszaj\u0105ca opory ruchu<br \/>\n* stabilny i przewidywalny<\/p>\n","protected":false},"excerpt":{"rendered":"<p>w ofercie posiadamy skuter sea doo 260 limited 32 MTH !! skuter posiada inteligentne zawieszenie niezale\u017cne od kad\u0142uba ,vts system zmiennego trymu , ibr elektronicznie sterowany hamulec hydrodynamiczny i bieg wsteczny, icontrol itd stan jak nowy z minimalnym przebiegiem. Oferujemy mo\u017cliwo\u015b\u0107 zakupienie z przyczep\u0105 bez prawa rejestracji. PAKIET LIMITED: * dodatkowe funkcje: g\u0142\u0119boko\u015bciomierz, wska\u017anik temperatury [&hellip;]<\/p>\n","protected":false},"featured_media":6307,"comment_status":"open","ping_status":"closed","template":"","meta":[],"product_brand":[92],"product_cat":[46],"product_tag":[],"class_list":{"0":"post-1846","1":"product","2":"type-product","3":"status-publish","4":"has-post-thumbnail","6":"product_brand-seadoo","7":"product_cat-lodzie-i-inne","9":"first","10":"instock","11":"shipping-taxable","12":"purchasable","13":"product-type-simple"},"_links":{"self":[{"href":"https:\/\/srv113897.seohost.com.pl\/index.php\/wp-json\/wp\/v2\/product\/1846","targetHints":{"allow":["GET"]}}],"collection":[{"href":"https:\/\/srv113897.seohost.com.pl\/index.php\/wp-json\/wp\/v2\/product"}],"about":[{"href":"https:\/\/srv113897.seohost.com.pl\/index.php\/wp-json\/wp\/v2\/types\/product"}],"replies":[{"embeddable":true,"href":"https:\/\/srv113897.seohost.com.pl\/index.php\/wp-json\/wp\/v2\/comments?post=1846"}],"wp:featuredmedia":[{"embeddable":true,"href":"https:\/\/srv113897.seohost.com.pl\/index.php\/wp-json\/wp\/v2\/media\/6307"}],"wp:attachment":[{"href":"https:\/\/srv113897.seohost.com.pl\/index.php\/wp-json\/wp\/v2\/media?parent=1846"}],"wp:term":[{"taxonomy":"product_brand","embeddable":true,"href":"https:\/\/srv113897.seohost.com.pl\/index.php\/wp-json\/wp\/v2\/product_brand?post=1846"},{"taxonomy":"product_cat","embeddable":true,"href":"https:\/\/srv113897.seohost.com.pl\/index.php\/wp-json\/wp\/v2\/product_cat?post=1846"},{"taxonomy":"product_tag","embeddable":true,"href":"https:\/\/srv113897.seohost.com.pl\/index.php\/wp-json\/wp\/v2\/product_tag?post=1846"}],"curies":[{"name":"wp","href":"https:\/\/api.w.org\/{rel}","templated":true}]}}