{"id":1845,"date":"2025-10-01T20:20:22","date_gmt":"2025-10-01T18:20:22","guid":{"rendered":"https:\/\/srv113897.seohost.com.pl\/?post_type=product&#038;p=1845"},"modified":"2026-05-03T23:51:43","modified_gmt":"2026-05-03T21:51:43","slug":"skuter-wodny-seadoo-215-supercharged","status":"publish","type":"product","link":"https:\/\/srv113897.seohost.com.pl\/index.php\/produkt\/skuter-wodny-seadoo-215-supercharged\/","title":{"rendered":"Skuter wodny SeaDoo 215 supercharged"},"content":{"rendered":"<p>Skuter Seadoo 215 supercharged 2003 rok, przep\u0142ywane 76 motogodzin, skuter w bardzo dobrym stanie. Skuter w pe\u0142ni przygotowany do sezonu nie wymaga wk\u0142adu finansowego.<\/p>\n","protected":false},"excerpt":{"rendered":"<p>Skuter Seadoo 215 supercharged 2003 rok, przep\u0142ywane 76 motogodzin, skuter w bardzo dobrym stanie. Skuter w pe\u0142ni przygotowany do sezonu nie wymaga wk\u0142adu finansowego.<\/p>\n","protected":false},"featured_media":6298,"comment_status":"open","ping_status":"closed","template":"","meta":[],"product_brand":[92],"product_cat":[46],"product_tag":[],"class_list":{"0":"post-1845","1":"product","2":"type-product","3":"status-publish","4":"has-post-thumbnail","6":"product_brand-seadoo","7":"product_cat-lodzie-i-inne","9":"first","10":"instock","11":"shipping-taxable","12":"purchasable","13":"product-type-simple"},"_links":{"self":[{"href":"https:\/\/srv113897.seohost.com.pl\/index.php\/wp-json\/wp\/v2\/product\/1845","targetHints":{"allow":["GET"]}}],"collection":[{"href":"https:\/\/srv113897.seohost.com.pl\/index.php\/wp-json\/wp\/v2\/product"}],"about":[{"href":"https:\/\/srv113897.seohost.com.pl\/index.php\/wp-json\/wp\/v2\/types\/product"}],"replies":[{"embeddable":true,"href":"https:\/\/srv113897.seohost.com.pl\/index.php\/wp-json\/wp\/v2\/comments?post=1845"}],"wp:featuredmedia":[{"embeddable":true,"href":"https:\/\/srv113897.seohost.com.pl\/index.php\/wp-json\/wp\/v2\/media\/6298"}],"wp:attachment":[{"href":"https:\/\/srv113897.seohost.com.pl\/index.php\/wp-json\/wp\/v2\/media?parent=1845"}],"wp:term":[{"taxonomy":"product_brand","embeddable":true,"href":"https:\/\/srv113897.seohost.com.pl\/index.php\/wp-json\/wp\/v2\/product_brand?post=1845"},{"taxonomy":"product_cat","embeddable":true,"href":"https:\/\/srv113897.seohost.com.pl\/index.php\/wp-json\/wp\/v2\/product_cat?post=1845"},{"taxonomy":"product_tag","embeddable":true,"href":"https:\/\/srv113897.seohost.com.pl\/index.php\/wp-json\/wp\/v2\/product_tag?post=1845"}],"curies":[{"name":"wp","href":"https:\/\/api.w.org\/{rel}","templated":true}]}}