{"id":1843,"date":"2025-10-01T20:20:22","date_gmt":"2025-10-01T18:20:22","guid":{"rendered":"https:\/\/srv113897.seohost.com.pl\/?post_type=product&#038;p=1843"},"modified":"2026-05-03T23:51:34","modified_gmt":"2026-05-03T21:51:34","slug":"lodz-kabinowa-z-silnikiem-suzuki-60-km-wtrysk","status":"publish","type":"product","link":"https:\/\/srv113897.seohost.com.pl\/index.php\/produkt\/lodz-kabinowa-z-silnikiem-suzuki-60-km-wtrysk\/","title":{"rendered":"\u0141\u00f3d\u017a kabinowa z silnikiem Suzuki 60 KM wtrysk"},"content":{"rendered":"<p>Do sprzedania \u0142\u00f3d\u017a kabinowa wraz z silnikiem Suzuki 60 KM na wtrysku, silnik w pe\u0142ni sprawny po przegl\u0105dzie wykonanym przez nasz\u0105 firm\u0119.<\/p>\n","protected":false},"excerpt":{"rendered":"<p>Do sprzedania \u0142\u00f3d\u017a kabinowa wraz z silnikiem Suzuki 60 KM na wtrysku, silnik w pe\u0142ni sprawny po przegl\u0105dzie wykonanym przez nasz\u0105 firm\u0119.<\/p>\n","protected":false},"featured_media":6272,"comment_status":"open","ping_status":"closed","template":"","meta":[],"product_brand":[63],"product_cat":[46],"product_tag":[],"class_list":{"0":"post-1843","1":"product","2":"type-product","3":"status-publish","4":"has-post-thumbnail","6":"product_brand-suzuki","7":"product_cat-lodzie-i-inne","9":"first","10":"instock","11":"shipping-taxable","12":"purchasable","13":"product-type-simple"},"_links":{"self":[{"href":"https:\/\/srv113897.seohost.com.pl\/index.php\/wp-json\/wp\/v2\/product\/1843","targetHints":{"allow":["GET"]}}],"collection":[{"href":"https:\/\/srv113897.seohost.com.pl\/index.php\/wp-json\/wp\/v2\/product"}],"about":[{"href":"https:\/\/srv113897.seohost.com.pl\/index.php\/wp-json\/wp\/v2\/types\/product"}],"replies":[{"embeddable":true,"href":"https:\/\/srv113897.seohost.com.pl\/index.php\/wp-json\/wp\/v2\/comments?post=1843"}],"wp:featuredmedia":[{"embeddable":true,"href":"https:\/\/srv113897.seohost.com.pl\/index.php\/wp-json\/wp\/v2\/media\/6272"}],"wp:attachment":[{"href":"https:\/\/srv113897.seohost.com.pl\/index.php\/wp-json\/wp\/v2\/media?parent=1843"}],"wp:term":[{"taxonomy":"product_brand","embeddable":true,"href":"https:\/\/srv113897.seohost.com.pl\/index.php\/wp-json\/wp\/v2\/product_brand?post=1843"},{"taxonomy":"product_cat","embeddable":true,"href":"https:\/\/srv113897.seohost.com.pl\/index.php\/wp-json\/wp\/v2\/product_cat?post=1843"},{"taxonomy":"product_tag","embeddable":true,"href":"https:\/\/srv113897.seohost.com.pl\/index.php\/wp-json\/wp\/v2\/product_tag?post=1843"}],"curies":[{"name":"wp","href":"https:\/\/api.w.org\/{rel}","templated":true}]}}