{"id":1808,"date":"2025-10-01T20:20:00","date_gmt":"2025-10-01T18:20:00","guid":{"rendered":"https:\/\/srv113897.seohost.com.pl\/?post_type=product&#038;p=1808"},"modified":"2026-05-03T23:51:26","modified_gmt":"2026-05-03T21:51:26","slug":"lodz-myra-21-morska-okazja","status":"publish","type":"product","link":"https:\/\/srv113897.seohost.com.pl\/index.php\/produkt\/lodz-myra-21-morska-okazja\/","title":{"rendered":"\u0141\u00f3d\u017a MYRA 21 morska OKAZJA !!!"},"content":{"rendered":"<p>Do zaoferowania \u0141\u00f3d\u017a marki MYRA 21.\u0141\u00f3dz wyposa\u017cona jest w silnik stacjonarny YANMAR jeden cylinder nap\u0119d na wa\u0142. Wyposa\u017cona jest w umywalk\u0119, lod\u00f3wk\u0119, kuchenk\u0119. Kabina do spania. Cabrio w przyzwoitym stanie. Kompletne o\u015bwietlenie nawigacyjne, komplet zegar\u00f3w, odbijacze.<br \/>\n\u0141\u00f3d\u017a by\u0142a przez dwie godziny pod wod\u0105 wi\u0119c nale\u017cy si\u0119 przegl\u0105d silnika, wysuszenie \u015brodka.<br \/>\nWystawiamy faktur\u0119.<\/p>\n","protected":false},"excerpt":{"rendered":"<p>Do zaoferowania \u0141\u00f3d\u017a marki MYRA 21.\u0141\u00f3dz wyposa\u017cona jest w silnik stacjonarny YANMAR jeden cylinder nap\u0119d na wa\u0142. Wyposa\u017cona jest w umywalk\u0119, lod\u00f3wk\u0119, kuchenk\u0119. Kabina do spania. Cabrio w przyzwoitym stanie. Kompletne o\u015bwietlenie nawigacyjne, komplet zegar\u00f3w, odbijacze. \u0141\u00f3d\u017a by\u0142a przez dwie godziny pod wod\u0105 wi\u0119c nale\u017cy si\u0119 przegl\u0105d silnika, wysuszenie \u015brodka. Wystawiamy faktur\u0119.<\/p>\n","protected":false},"featured_media":6256,"comment_status":"open","ping_status":"closed","template":"","meta":[],"product_brand":[94],"product_cat":[46],"product_tag":[],"class_list":{"0":"post-1808","1":"product","2":"type-product","3":"status-publish","4":"has-post-thumbnail","6":"product_brand-myra-21","7":"product_cat-lodzie-i-inne","9":"first","10":"instock","11":"shipping-taxable","12":"purchasable","13":"product-type-simple"},"_links":{"self":[{"href":"https:\/\/srv113897.seohost.com.pl\/index.php\/wp-json\/wp\/v2\/product\/1808","targetHints":{"allow":["GET"]}}],"collection":[{"href":"https:\/\/srv113897.seohost.com.pl\/index.php\/wp-json\/wp\/v2\/product"}],"about":[{"href":"https:\/\/srv113897.seohost.com.pl\/index.php\/wp-json\/wp\/v2\/types\/product"}],"replies":[{"embeddable":true,"href":"https:\/\/srv113897.seohost.com.pl\/index.php\/wp-json\/wp\/v2\/comments?post=1808"}],"wp:featuredmedia":[{"embeddable":true,"href":"https:\/\/srv113897.seohost.com.pl\/index.php\/wp-json\/wp\/v2\/media\/6256"}],"wp:attachment":[{"href":"https:\/\/srv113897.seohost.com.pl\/index.php\/wp-json\/wp\/v2\/media?parent=1808"}],"wp:term":[{"taxonomy":"product_brand","embeddable":true,"href":"https:\/\/srv113897.seohost.com.pl\/index.php\/wp-json\/wp\/v2\/product_brand?post=1808"},{"taxonomy":"product_cat","embeddable":true,"href":"https:\/\/srv113897.seohost.com.pl\/index.php\/wp-json\/wp\/v2\/product_cat?post=1808"},{"taxonomy":"product_tag","embeddable":true,"href":"https:\/\/srv113897.seohost.com.pl\/index.php\/wp-json\/wp\/v2\/product_tag?post=1808"}],"curies":[{"name":"wp","href":"https:\/\/api.w.org\/{rel}","templated":true}]}}