{"id":1807,"date":"2025-10-01T20:19:59","date_gmt":"2025-10-01T18:19:59","guid":{"rendered":"https:\/\/srv113897.seohost.com.pl\/?post_type=product&#038;p=1807"},"modified":"2026-05-03T23:51:24","modified_gmt":"2026-05-03T21:51:24","slug":"lodz-sealine-family-255-motorowka-jacht","status":"publish","type":"product","link":"https:\/\/srv113897.seohost.com.pl\/index.php\/produkt\/lodz-sealine-family-255-motorowka-jacht\/","title":{"rendered":"\u0141\u00f3dz SEALINE FAMILY 255 motor\u00f3wka jacht"},"content":{"rendered":"<p>Do zaoferowania mam bardzo przestronn\u0105 i \u0142adn\u0105 \u0142\u00f3d\u017a SEALINE FAMILY 255.Na wyposa\u017ceniu kompletna kuchnia, toaleta, spanie w kabinie i pod pok\u0142adem. Bez nap\u0119d\u00f3w bez przyczepy. D\u0142ugo\u015b\u0107 7.60 szeroko\u015b\u0107 2.50,zanurzenie 0.50,wysoko\u015b\u0107 w kabinie 1.80,wysoko\u015b\u0107 WC 1.70.<\/p>\n","protected":false},"excerpt":{"rendered":"<p>Do zaoferowania mam bardzo przestronn\u0105 i \u0142adn\u0105 \u0142\u00f3d\u017a SEALINE FAMILY 255.Na wyposa\u017ceniu kompletna kuchnia, toaleta, spanie w kabinie i pod pok\u0142adem. Bez nap\u0119d\u00f3w bez przyczepy. D\u0142ugo\u015b\u0107 7.60 szeroko\u015b\u0107 2.50,zanurzenie 0.50,wysoko\u015b\u0107 w kabinie 1.80,wysoko\u015b\u0107 WC 1.70.<\/p>\n","protected":false},"featured_media":6248,"comment_status":"open","ping_status":"closed","template":"","meta":[],"product_brand":[93],"product_cat":[46],"product_tag":[],"class_list":{"0":"post-1807","1":"product","2":"type-product","3":"status-publish","4":"has-post-thumbnail","6":"product_brand-sealine-family","7":"product_cat-lodzie-i-inne","9":"first","10":"instock","11":"shipping-taxable","12":"purchasable","13":"product-type-simple"},"_links":{"self":[{"href":"https:\/\/srv113897.seohost.com.pl\/index.php\/wp-json\/wp\/v2\/product\/1807","targetHints":{"allow":["GET"]}}],"collection":[{"href":"https:\/\/srv113897.seohost.com.pl\/index.php\/wp-json\/wp\/v2\/product"}],"about":[{"href":"https:\/\/srv113897.seohost.com.pl\/index.php\/wp-json\/wp\/v2\/types\/product"}],"replies":[{"embeddable":true,"href":"https:\/\/srv113897.seohost.com.pl\/index.php\/wp-json\/wp\/v2\/comments?post=1807"}],"wp:featuredmedia":[{"embeddable":true,"href":"https:\/\/srv113897.seohost.com.pl\/index.php\/wp-json\/wp\/v2\/media\/6248"}],"wp:attachment":[{"href":"https:\/\/srv113897.seohost.com.pl\/index.php\/wp-json\/wp\/v2\/media?parent=1807"}],"wp:term":[{"taxonomy":"product_brand","embeddable":true,"href":"https:\/\/srv113897.seohost.com.pl\/index.php\/wp-json\/wp\/v2\/product_brand?post=1807"},{"taxonomy":"product_cat","embeddable":true,"href":"https:\/\/srv113897.seohost.com.pl\/index.php\/wp-json\/wp\/v2\/product_cat?post=1807"},{"taxonomy":"product_tag","embeddable":true,"href":"https:\/\/srv113897.seohost.com.pl\/index.php\/wp-json\/wp\/v2\/product_tag?post=1807"}],"curies":[{"name":"wp","href":"https:\/\/api.w.org\/{rel}","templated":true}]}}