{"id":1806,"date":"2025-10-01T20:19:59","date_gmt":"2025-10-01T18:19:59","guid":{"rendered":"https:\/\/srv113897.seohost.com.pl\/?post_type=product&#038;p=1806"},"modified":"2026-05-03T23:51:15","modified_gmt":"2026-05-03T21:51:15","slug":"lampa-szperacz-na-jacht-zdalne-sterowany","status":"publish","type":"product","link":"https:\/\/srv113897.seohost.com.pl\/index.php\/produkt\/lampa-szperacz-na-jacht-zdalne-sterowany\/","title":{"rendered":"Lampa szperacz na Jacht zdalne sterowany"},"content":{"rendered":"<p><b>W ofercie posiadamy<\/b><b>:<\/b><\/p>\n<p>Wysokowydajny reflektor halogenowy z obudow\u0105 z poliw\u0119glanu. Specjalnie opracowany do trudnego u\u017cytkowania w \u015brodowisku morskim i zapewniaj\u0105cy ochron\u0119 IP56. Wymienna \u017car\u00f3wka halogenowa H3 o mocy 100 W dla zasi\u0119gu do 300 metr\u00f3w. Sterowanie bezprzewodowe za pomoc\u0105 do\u0142\u0105czonego pilota. Obr\u00f3t oraz nachylenie.\u00a0 Mo\u017cliwo\u015b\u0107 monta\u017cu nad g\u0142ow\u0105. D\u0142ugo\u015b\u0107 przewodu oko\u0142o 5 metr\u00f3w, przew\u00f3d naprawiany w jednym miejscu widoczne na zdj\u0119ciach.<\/p>\n","protected":false},"excerpt":{"rendered":"<p>W ofercie posiadamy: Wysokowydajny reflektor halogenowy z obudow\u0105 z poliw\u0119glanu. Specjalnie opracowany do trudnego u\u017cytkowania w \u015brodowisku morskim i zapewniaj\u0105cy ochron\u0119 IP56. Wymienna \u017car\u00f3wka halogenowa H3 o mocy 100 W dla zasi\u0119gu do 300 metr\u00f3w. Sterowanie bezprzewodowe za pomoc\u0105 do\u0142\u0105czonego pilota. Obr\u00f3t oraz nachylenie.\u00a0 Mo\u017cliwo\u015b\u0107 monta\u017cu nad g\u0142ow\u0105. D\u0142ugo\u015b\u0107 przewodu oko\u0142o 5 metr\u00f3w, przew\u00f3d naprawiany [&hellip;]<\/p>\n","protected":false},"featured_media":6241,"comment_status":"open","ping_status":"closed","template":"","meta":[],"product_brand":[],"product_cat":[75,80],"product_tag":[],"class_list":{"0":"post-1806","1":"product","2":"type-product","3":"status-publish","4":"has-post-thumbnail","6":"product_cat-wyposazenie-osprzet","7":"product_cat-oswietlenie","9":"first","10":"instock","11":"shipping-taxable","12":"purchasable","13":"product-type-simple"},"_links":{"self":[{"href":"https:\/\/srv113897.seohost.com.pl\/index.php\/wp-json\/wp\/v2\/product\/1806","targetHints":{"allow":["GET"]}}],"collection":[{"href":"https:\/\/srv113897.seohost.com.pl\/index.php\/wp-json\/wp\/v2\/product"}],"about":[{"href":"https:\/\/srv113897.seohost.com.pl\/index.php\/wp-json\/wp\/v2\/types\/product"}],"replies":[{"embeddable":true,"href":"https:\/\/srv113897.seohost.com.pl\/index.php\/wp-json\/wp\/v2\/comments?post=1806"}],"wp:featuredmedia":[{"embeddable":true,"href":"https:\/\/srv113897.seohost.com.pl\/index.php\/wp-json\/wp\/v2\/media\/6241"}],"wp:attachment":[{"href":"https:\/\/srv113897.seohost.com.pl\/index.php\/wp-json\/wp\/v2\/media?parent=1806"}],"wp:term":[{"taxonomy":"product_brand","embeddable":true,"href":"https:\/\/srv113897.seohost.com.pl\/index.php\/wp-json\/wp\/v2\/product_brand?post=1806"},{"taxonomy":"product_cat","embeddable":true,"href":"https:\/\/srv113897.seohost.com.pl\/index.php\/wp-json\/wp\/v2\/product_cat?post=1806"},{"taxonomy":"product_tag","embeddable":true,"href":"https:\/\/srv113897.seohost.com.pl\/index.php\/wp-json\/wp\/v2\/product_tag?post=1806"}],"curies":[{"name":"wp","href":"https:\/\/api.w.org\/{rel}","templated":true}]}}