{"id":1765,"date":"2025-10-01T20:19:36","date_gmt":"2025-10-01T18:19:36","guid":{"rendered":"https:\/\/srv113897.seohost.com.pl\/?post_type=product&#038;p=1765"},"modified":"2026-05-03T23:50:51","modified_gmt":"2026-05-03T21:50:51","slug":"kurtka-z-neoprenu-d18aj115b7xx-yamaha","status":"publish","type":"product","link":"https:\/\/srv113897.seohost.com.pl\/index.php\/produkt\/kurtka-z-neoprenu-d18aj115b7xx-yamaha\/","title":{"rendered":"Kurtka z neoprenu [D18AJ115B7XX] Yamaha"},"content":{"rendered":"<p>Kolekcja WaveRunner 2018 to sprz\u0119t o nowoczesnym stylu, stworzony z wykorzystaniem zaawansowanych materia\u0142\u00f3w. Dzi\u0119ki niej czas sp\u0119dzony na wodzie to dobrze sp\u0119dzony czas. Nasza stylowa, mi\u0119kka i elastyczna kurtka z neoprenu ochroni Ci\u0119 przed ch\u0142odem<\/p>\n<ul>\n<li>Pianka neoprenowa 1,5 mm<\/li>\n<li>Pianka neoprenowa typu full-stretch<\/li>\n<li>Mi\u0119kkie szwy<\/li>\n<li>Ciep\u0142a podszewka termiczna<\/li>\n<li>Wodoodporna tkanina zewn\u0119trzna<\/li>\n<li>Rozmiar L<\/li>\n<\/ul>\n","protected":false},"excerpt":{"rendered":"<p>Kolekcja WaveRunner 2018 to sprz\u0119t o nowoczesnym stylu, stworzony z wykorzystaniem zaawansowanych materia\u0142\u00f3w. Dzi\u0119ki niej czas sp\u0119dzony na wodzie to dobrze sp\u0119dzony czas. Nasza stylowa, mi\u0119kka i elastyczna kurtka z neoprenu ochroni Ci\u0119 przed ch\u0142odem Pianka neoprenowa 1,5 mm Pianka neoprenowa typu full-stretch Mi\u0119kkie szwy Ciep\u0142a podszewka termiczna Wodoodporna tkanina zewn\u0119trzna Rozmiar L<\/p>\n","protected":false},"featured_media":6221,"comment_status":"open","ping_status":"closed","template":"","meta":[],"product_brand":[64],"product_cat":[75,77],"product_tag":[],"class_list":{"0":"post-1765","1":"product","2":"type-product","3":"status-publish","4":"has-post-thumbnail","6":"product_brand-yamaha","7":"product_cat-wyposazenie-osprzet","8":"product_cat-kamizelki-kapoki-ratunkowe","10":"first","11":"instock","12":"shipping-taxable","13":"purchasable","14":"product-type-simple"},"_links":{"self":[{"href":"https:\/\/srv113897.seohost.com.pl\/index.php\/wp-json\/wp\/v2\/product\/1765","targetHints":{"allow":["GET"]}}],"collection":[{"href":"https:\/\/srv113897.seohost.com.pl\/index.php\/wp-json\/wp\/v2\/product"}],"about":[{"href":"https:\/\/srv113897.seohost.com.pl\/index.php\/wp-json\/wp\/v2\/types\/product"}],"replies":[{"embeddable":true,"href":"https:\/\/srv113897.seohost.com.pl\/index.php\/wp-json\/wp\/v2\/comments?post=1765"}],"wp:featuredmedia":[{"embeddable":true,"href":"https:\/\/srv113897.seohost.com.pl\/index.php\/wp-json\/wp\/v2\/media\/6221"}],"wp:attachment":[{"href":"https:\/\/srv113897.seohost.com.pl\/index.php\/wp-json\/wp\/v2\/media?parent=1765"}],"wp:term":[{"taxonomy":"product_brand","embeddable":true,"href":"https:\/\/srv113897.seohost.com.pl\/index.php\/wp-json\/wp\/v2\/product_brand?post=1765"},{"taxonomy":"product_cat","embeddable":true,"href":"https:\/\/srv113897.seohost.com.pl\/index.php\/wp-json\/wp\/v2\/product_cat?post=1765"},{"taxonomy":"product_tag","embeddable":true,"href":"https:\/\/srv113897.seohost.com.pl\/index.php\/wp-json\/wp\/v2\/product_tag?post=1765"}],"curies":[{"name":"wp","href":"https:\/\/api.w.org\/{rel}","templated":true}]}}