{"id":1763,"date":"2025-10-01T20:19:36","date_gmt":"2025-10-01T18:19:36","guid":{"rendered":"https:\/\/srv113897.seohost.com.pl\/?post_type=product&#038;p=1763"},"modified":"2026-05-03T23:50:47","modified_gmt":"2026-05-03T21:50:47","slug":"kamizelka-kapok-sea-doo-skuter-wodny-sporty-wodne","status":"publish","type":"product","link":"https:\/\/srv113897.seohost.com.pl\/index.php\/produkt\/kamizelka-kapok-sea-doo-skuter-wodny-sporty-wodne\/","title":{"rendered":"Kamizelka kapok SEA DOO skuter wodny sporty wodne"},"content":{"rendered":"<p>Kamizelka Sea-Doo to po\u0142\u0105czenie jako\u015bci, komfortu i bezpiecze\u0144stwa.<br \/>\nIndywidualne dopasowanie do nosz\u0105cego nie ogranicza ruch\u00f3w w wodzie.<br \/>\nNadaje si\u0119 do uprawiania r\u00f3\u017cnych sport\u00f3w wodnych.<\/p>\n<p>Obw\u00f3d klatki piersiowej :<\/p>\n<p>M &#8211; 94-104cm<br \/>\nL &#8211; 104-114cm<br \/>\nXL &#8211; 114-124cm<\/p>\n","protected":false},"excerpt":{"rendered":"<p>Kamizelka Sea-Doo to po\u0142\u0105czenie jako\u015bci, komfortu i bezpiecze\u0144stwa. Indywidualne dopasowanie do nosz\u0105cego nie ogranicza ruch\u00f3w w wodzie. Nadaje si\u0119 do uprawiania r\u00f3\u017cnych sport\u00f3w wodnych. Obw\u00f3d klatki piersiowej : M &#8211; 94-104cm L &#8211; 104-114cm XL &#8211; 114-124cm<\/p>\n","protected":false},"featured_media":6215,"comment_status":"open","ping_status":"closed","template":"","meta":[],"product_brand":[92],"product_cat":[75,77],"product_tag":[],"class_list":{"0":"post-1763","1":"product","2":"type-product","3":"status-publish","4":"has-post-thumbnail","6":"product_brand-seadoo","7":"product_cat-wyposazenie-osprzet","8":"product_cat-kamizelki-kapoki-ratunkowe","10":"first","11":"instock","12":"shipping-taxable","13":"purchasable","14":"product-type-simple"},"_links":{"self":[{"href":"https:\/\/srv113897.seohost.com.pl\/index.php\/wp-json\/wp\/v2\/product\/1763","targetHints":{"allow":["GET"]}}],"collection":[{"href":"https:\/\/srv113897.seohost.com.pl\/index.php\/wp-json\/wp\/v2\/product"}],"about":[{"href":"https:\/\/srv113897.seohost.com.pl\/index.php\/wp-json\/wp\/v2\/types\/product"}],"replies":[{"embeddable":true,"href":"https:\/\/srv113897.seohost.com.pl\/index.php\/wp-json\/wp\/v2\/comments?post=1763"}],"wp:featuredmedia":[{"embeddable":true,"href":"https:\/\/srv113897.seohost.com.pl\/index.php\/wp-json\/wp\/v2\/media\/6215"}],"wp:attachment":[{"href":"https:\/\/srv113897.seohost.com.pl\/index.php\/wp-json\/wp\/v2\/media?parent=1763"}],"wp:term":[{"taxonomy":"product_brand","embeddable":true,"href":"https:\/\/srv113897.seohost.com.pl\/index.php\/wp-json\/wp\/v2\/product_brand?post=1763"},{"taxonomy":"product_cat","embeddable":true,"href":"https:\/\/srv113897.seohost.com.pl\/index.php\/wp-json\/wp\/v2\/product_cat?post=1763"},{"taxonomy":"product_tag","embeddable":true,"href":"https:\/\/srv113897.seohost.com.pl\/index.php\/wp-json\/wp\/v2\/product_tag?post=1763"}],"curies":[{"name":"wp","href":"https:\/\/api.w.org\/{rel}","templated":true}]}}