{"id":1761,"date":"2025-10-01T20:19:35","date_gmt":"2025-10-01T18:19:35","guid":{"rendered":"https:\/\/srv113897.seohost.com.pl\/?post_type=product&#038;p=1761"},"modified":"2026-05-03T23:50:46","modified_gmt":"2026-05-03T21:50:46","slug":"buty-sea-doo-na-skuter-water-rozm-41-42","status":"publish","type":"product","link":"https:\/\/srv113897.seohost.com.pl\/index.php\/produkt\/buty-sea-doo-na-skuter-water-rozm-41-42\/","title":{"rendered":"Buty Sea Doo na skuter Water rozm. 41\/42"},"content":{"rendered":"<p>Polecamy Buty do wody na skuter wodny itd.<br \/>\nButy Sea-Doo Water 4442422707<\/p>\n<p>Lekkie podeszwy z pianki EVA<\/p>\n<p>Wszechstronna ochronna pow\u0142ok\u0105 uretanowa<\/p>\n<p>Siateczkowa cholewka i perforowane wk\u0142adki zapewniaj\u0105 szybkie odprowadzanie wody<\/p>\n<p>Antypo\u015blizgowe i niebrudz\u0105ce si\u0119 podeszwy.<br \/>\nRozmiary: 41 42<\/p>\n","protected":false},"excerpt":{"rendered":"<p>Polecamy Buty do wody na skuter wodny itd. Buty Sea-Doo Water 4442422707 Lekkie podeszwy z pianki EVA Wszechstronna ochronna pow\u0142ok\u0105 uretanowa Siateczkowa cholewka i perforowane wk\u0142adki zapewniaj\u0105 szybkie odprowadzanie wody Antypo\u015blizgowe i niebrudz\u0105ce si\u0119 podeszwy. Rozmiary: 41 42<\/p>\n","protected":false},"featured_media":6210,"comment_status":"open","ping_status":"closed","template":"","meta":[],"product_brand":[92],"product_cat":[75,76],"product_tag":[],"class_list":{"0":"post-1761","1":"product","2":"type-product","3":"status-publish","4":"has-post-thumbnail","6":"product_brand-seadoo","7":"product_cat-wyposazenie-osprzet","8":"product_cat-buty","10":"first","11":"instock","12":"shipping-taxable","13":"purchasable","14":"product-type-simple"},"_links":{"self":[{"href":"https:\/\/srv113897.seohost.com.pl\/index.php\/wp-json\/wp\/v2\/product\/1761","targetHints":{"allow":["GET"]}}],"collection":[{"href":"https:\/\/srv113897.seohost.com.pl\/index.php\/wp-json\/wp\/v2\/product"}],"about":[{"href":"https:\/\/srv113897.seohost.com.pl\/index.php\/wp-json\/wp\/v2\/types\/product"}],"replies":[{"embeddable":true,"href":"https:\/\/srv113897.seohost.com.pl\/index.php\/wp-json\/wp\/v2\/comments?post=1761"}],"wp:featuredmedia":[{"embeddable":true,"href":"https:\/\/srv113897.seohost.com.pl\/index.php\/wp-json\/wp\/v2\/media\/6210"}],"wp:attachment":[{"href":"https:\/\/srv113897.seohost.com.pl\/index.php\/wp-json\/wp\/v2\/media?parent=1761"}],"wp:term":[{"taxonomy":"product_brand","embeddable":true,"href":"https:\/\/srv113897.seohost.com.pl\/index.php\/wp-json\/wp\/v2\/product_brand?post=1761"},{"taxonomy":"product_cat","embeddable":true,"href":"https:\/\/srv113897.seohost.com.pl\/index.php\/wp-json\/wp\/v2\/product_cat?post=1761"},{"taxonomy":"product_tag","embeddable":true,"href":"https:\/\/srv113897.seohost.com.pl\/index.php\/wp-json\/wp\/v2\/product_tag?post=1761"}],"curies":[{"name":"wp","href":"https:\/\/api.w.org\/{rel}","templated":true}]}}