{"id":1711,"date":"2025-10-01T20:19:11","date_gmt":"2025-10-01T18:19:11","guid":{"rendered":"https:\/\/srv113897.seohost.com.pl\/?post_type=product&#038;p=1711"},"modified":"2026-05-03T23:50:24","modified_gmt":"2026-05-03T21:50:24","slug":"silnik-stacjonarny-ruggerini-diesel-2-cylindry","status":"publish","type":"product","link":"https:\/\/srv113897.seohost.com.pl\/index.php\/produkt\/silnik-stacjonarny-ruggerini-diesel-2-cylindry\/","title":{"rendered":"silnik stacjonarny RUGGERINI diesel 2-cylindry"},"content":{"rendered":"<p>Do sprzedania silnik stacjonarny RUGGERINI diesel 2-cylindry. Stan bardzo dobry.<br \/>\nSilnik w pe\u0142ni sprawny po serwisie wykonanym przez nasz\u0105 firm\u0119. Przy odbiorze osobistym silniki odpalamy w celu przetestowania.<\/p>\n<p>Wy\u015blemy r\u00f3wnie\u017c kurierem zapakowane na palet\u0119.<\/p>\n<p>Na ka\u017cdy silnik wystawiamy Faktur\u0119\u00a0\u00a0oraz udzielamy gwar. rozruchowej.<\/p>\n","protected":false},"excerpt":{"rendered":"<p>Do sprzedania silnik stacjonarny RUGGERINI diesel 2-cylindry. Stan bardzo dobry. Silnik w pe\u0142ni sprawny po serwisie wykonanym przez nasz\u0105 firm\u0119. Przy odbiorze osobistym silniki odpalamy w celu przetestowania. Wy\u015blemy r\u00f3wnie\u017c kurierem zapakowane na palet\u0119. Na ka\u017cdy silnik wystawiamy Faktur\u0119\u00a0\u00a0oraz udzielamy gwar. rozruchowej.<\/p>\n","protected":false},"featured_media":6162,"comment_status":"open","ping_status":"closed","template":"","meta":[],"product_brand":[82],"product_cat":[50],"product_tag":[],"class_list":{"0":"post-1711","1":"product","2":"type-product","3":"status-publish","4":"has-post-thumbnail","6":"product_brand-ruggerini","7":"product_cat-silniki-stacjonarne","9":"first","10":"instock","11":"shipping-taxable","12":"purchasable","13":"product-type-simple"},"_links":{"self":[{"href":"https:\/\/srv113897.seohost.com.pl\/index.php\/wp-json\/wp\/v2\/product\/1711","targetHints":{"allow":["GET"]}}],"collection":[{"href":"https:\/\/srv113897.seohost.com.pl\/index.php\/wp-json\/wp\/v2\/product"}],"about":[{"href":"https:\/\/srv113897.seohost.com.pl\/index.php\/wp-json\/wp\/v2\/types\/product"}],"replies":[{"embeddable":true,"href":"https:\/\/srv113897.seohost.com.pl\/index.php\/wp-json\/wp\/v2\/comments?post=1711"}],"wp:featuredmedia":[{"embeddable":true,"href":"https:\/\/srv113897.seohost.com.pl\/index.php\/wp-json\/wp\/v2\/media\/6162"}],"wp:attachment":[{"href":"https:\/\/srv113897.seohost.com.pl\/index.php\/wp-json\/wp\/v2\/media?parent=1711"}],"wp:term":[{"taxonomy":"product_brand","embeddable":true,"href":"https:\/\/srv113897.seohost.com.pl\/index.php\/wp-json\/wp\/v2\/product_brand?post=1711"},{"taxonomy":"product_cat","embeddable":true,"href":"https:\/\/srv113897.seohost.com.pl\/index.php\/wp-json\/wp\/v2\/product_cat?post=1711"},{"taxonomy":"product_tag","embeddable":true,"href":"https:\/\/srv113897.seohost.com.pl\/index.php\/wp-json\/wp\/v2\/product_tag?post=1711"}],"curies":[{"name":"wp","href":"https:\/\/api.w.org\/{rel}","templated":true}]}}