{"id":1668,"date":"2025-10-01T20:18:47","date_gmt":"2025-10-01T18:18:47","guid":{"rendered":"https:\/\/srv113897.seohost.com.pl\/?post_type=product&#038;p=1668"},"modified":"2026-05-03T23:50:22","modified_gmt":"2026-05-03T21:50:22","slug":"silnik-stacjonarny-volvo-penta-2000-model-2001","status":"publish","type":"product","link":"https:\/\/srv113897.seohost.com.pl\/index.php\/produkt\/silnik-stacjonarny-volvo-penta-2000-model-2001\/","title":{"rendered":"Silnik stacjonarny VOLVO PENTA 2000 model 2001"},"content":{"rendered":"<p>Do sprzedania silnik stacjonarny VOLVO PENTA 2000 model 2001 z przek\u0142adni\u0105 sail drive. Stan bardzo dobry. Silnik po serwisie.<\/p>\n<p>Wyslemy r\u00f3wnie\u017c kurierem zapakowane na palet\u0119.<\/p>\n<p>Na ka\u017cdy silnik wystawiamy Faktur\u0119.<\/p>\n","protected":false},"excerpt":{"rendered":"<p>Do sprzedania silnik stacjonarny VOLVO PENTA 2000 model 2001 z przek\u0142adni\u0105 sail drive. Stan bardzo dobry. Silnik po serwisie. Wyslemy r\u00f3wnie\u017c kurierem zapakowane na palet\u0119. Na ka\u017cdy silnik wystawiamy Faktur\u0119.<\/p>\n","protected":false},"featured_media":6149,"comment_status":"open","ping_status":"closed","template":"","meta":[],"product_brand":[79],"product_cat":[50],"product_tag":[],"class_list":{"0":"post-1668","1":"product","2":"type-product","3":"status-publish","4":"has-post-thumbnail","6":"product_brand-volvo-penta","7":"product_cat-silniki-stacjonarne","9":"first","10":"instock","11":"shipping-taxable","12":"purchasable","13":"product-type-simple"},"_links":{"self":[{"href":"https:\/\/srv113897.seohost.com.pl\/index.php\/wp-json\/wp\/v2\/product\/1668","targetHints":{"allow":["GET"]}}],"collection":[{"href":"https:\/\/srv113897.seohost.com.pl\/index.php\/wp-json\/wp\/v2\/product"}],"about":[{"href":"https:\/\/srv113897.seohost.com.pl\/index.php\/wp-json\/wp\/v2\/types\/product"}],"replies":[{"embeddable":true,"href":"https:\/\/srv113897.seohost.com.pl\/index.php\/wp-json\/wp\/v2\/comments?post=1668"}],"wp:featuredmedia":[{"embeddable":true,"href":"https:\/\/srv113897.seohost.com.pl\/index.php\/wp-json\/wp\/v2\/media\/6149"}],"wp:attachment":[{"href":"https:\/\/srv113897.seohost.com.pl\/index.php\/wp-json\/wp\/v2\/media?parent=1668"}],"wp:term":[{"taxonomy":"product_brand","embeddable":true,"href":"https:\/\/srv113897.seohost.com.pl\/index.php\/wp-json\/wp\/v2\/product_brand?post=1668"},{"taxonomy":"product_cat","embeddable":true,"href":"https:\/\/srv113897.seohost.com.pl\/index.php\/wp-json\/wp\/v2\/product_cat?post=1668"},{"taxonomy":"product_tag","embeddable":true,"href":"https:\/\/srv113897.seohost.com.pl\/index.php\/wp-json\/wp\/v2\/product_tag?post=1668"}],"curies":[{"name":"wp","href":"https:\/\/api.w.org\/{rel}","templated":true}]}}