{"id":1542,"date":"2025-10-01T20:17:33","date_gmt":"2025-10-01T18:17:33","guid":{"rendered":"https:\/\/srv113897.seohost.com.pl\/?post_type=product&#038;p=1542"},"modified":"2026-05-03T23:49:28","modified_gmt":"2026-05-03T21:49:28","slug":"silnik-stacjonarny-yanmar-8-km-model-sb8g","status":"publish","type":"product","link":"https:\/\/srv113897.seohost.com.pl\/index.php\/produkt\/silnik-stacjonarny-yanmar-8-km-model-sb8g\/","title":{"rendered":"Silnik stacjonarny YANMAR 8 KM Model SB8G"},"content":{"rendered":"<p>Do sprzedania silnik stacjonarny YANMAR SB 8G diesel 1 cylinder 8 HP.<\/p>\n<p>Silnik w pe\u0142ni sprawny po serwisie wykonanym przez nasz\u0105 firm\u0119. Przy odbiorze osobistym silniki odpalamy w celu przetestowania. Wy\u015blemy r\u00f3wnie\u017c kurierem zapakowane na palet\u0119.<\/p>\n<p>Na ka\u017cdy silnik wystawiamy Faktur\u0119\u00a0\u00a0oraz udzielamy gwaranc. rozruchowej.<\/p>\n","protected":false},"excerpt":{"rendered":"<p>Do sprzedania silnik stacjonarny YANMAR SB 8G diesel 1 cylinder 8 HP. Silnik w pe\u0142ni sprawny po serwisie wykonanym przez nasz\u0105 firm\u0119. Przy odbiorze osobistym silniki odpalamy w celu przetestowania. Wy\u015blemy r\u00f3wnie\u017c kurierem zapakowane na palet\u0119. Na ka\u017cdy silnik wystawiamy Faktur\u0119\u00a0\u00a0oraz udzielamy gwaranc. rozruchowej.<\/p>\n","protected":false},"featured_media":6051,"comment_status":"open","ping_status":"closed","template":"","meta":[],"product_brand":[65],"product_cat":[50],"product_tag":[],"class_list":{"0":"post-1542","1":"product","2":"type-product","3":"status-publish","4":"has-post-thumbnail","6":"product_brand-yanmar","7":"product_cat-silniki-stacjonarne","9":"first","10":"instock","11":"shipping-taxable","12":"purchasable","13":"product-type-simple"},"_links":{"self":[{"href":"https:\/\/srv113897.seohost.com.pl\/index.php\/wp-json\/wp\/v2\/product\/1542","targetHints":{"allow":["GET"]}}],"collection":[{"href":"https:\/\/srv113897.seohost.com.pl\/index.php\/wp-json\/wp\/v2\/product"}],"about":[{"href":"https:\/\/srv113897.seohost.com.pl\/index.php\/wp-json\/wp\/v2\/types\/product"}],"replies":[{"embeddable":true,"href":"https:\/\/srv113897.seohost.com.pl\/index.php\/wp-json\/wp\/v2\/comments?post=1542"}],"wp:featuredmedia":[{"embeddable":true,"href":"https:\/\/srv113897.seohost.com.pl\/index.php\/wp-json\/wp\/v2\/media\/6051"}],"wp:attachment":[{"href":"https:\/\/srv113897.seohost.com.pl\/index.php\/wp-json\/wp\/v2\/media?parent=1542"}],"wp:term":[{"taxonomy":"product_brand","embeddable":true,"href":"https:\/\/srv113897.seohost.com.pl\/index.php\/wp-json\/wp\/v2\/product_brand?post=1542"},{"taxonomy":"product_cat","embeddable":true,"href":"https:\/\/srv113897.seohost.com.pl\/index.php\/wp-json\/wp\/v2\/product_cat?post=1542"},{"taxonomy":"product_tag","embeddable":true,"href":"https:\/\/srv113897.seohost.com.pl\/index.php\/wp-json\/wp\/v2\/product_tag?post=1542"}],"curies":[{"name":"wp","href":"https:\/\/api.w.org\/{rel}","templated":true}]}}