{"id":1439,"date":"2025-10-01T20:16:24","date_gmt":"2025-10-01T18:16:24","guid":{"rendered":"https:\/\/srv113897.seohost.com.pl\/?post_type=product&#038;p=1439"},"modified":"2026-05-03T23:48:56","modified_gmt":"2026-05-03T21:48:56","slug":"silnik-zaburtowy-honda-2-km-krotka-stopa-s","status":"publish","type":"product","link":"https:\/\/srv113897.seohost.com.pl\/index.php\/produkt\/silnik-zaburtowy-honda-2-km-krotka-stopa-s\/","title":{"rendered":"silnik zaburtowy HONDA 2 KM kr\u00f3tka stopa S"},"content":{"rendered":"<p>Do sprzedania silnik zaburtowy HONDA 2 KM ,S (kr\u00f3tka) stopa, 4suw, sterowanie rumpel, rozruch\u00a0 szarpanka, wbudowany zbiorniczek paliwa, bardzo dobry stan.<br \/>\nSilnik w pe\u0142ni sprawny po serwisie wykonanym przez nasz\u0105 firm\u0119. Przy odbiorze osobistym silniki odpalamy w celu przetestowania. Wy\u015blemy r\u00f3wnie\u017c kurierem zapakowane na palet\u0119.<\/p>\n<p>Na wszystkie silniki wystawiamy Faktur\u0119 i udzielamy gwaranc. rozruchowej.<\/p>\n","protected":false},"excerpt":{"rendered":"<p>Do sprzedania silnik zaburtowy HONDA 2 KM ,S (kr\u00f3tka) stopa, 4suw, sterowanie rumpel, rozruch\u00a0 szarpanka, wbudowany zbiorniczek paliwa, bardzo dobry stan. Silnik w pe\u0142ni sprawny po serwisie wykonanym przez nasz\u0105 firm\u0119. Przy odbiorze osobistym silniki odpalamy w celu przetestowania. Wy\u015blemy r\u00f3wnie\u017c kurierem zapakowane na palet\u0119. Na wszystkie silniki wystawiamy Faktur\u0119 i udzielamy gwaranc. rozruchowej.<\/p>\n","protected":false},"featured_media":5969,"comment_status":"open","ping_status":"closed","template":"","meta":[],"product_brand":[60],"product_cat":[51,55],"product_tag":[56],"class_list":{"0":"post-1439","1":"product","2":"type-product","3":"status-publish","4":"has-post-thumbnail","6":"product_brand-honda","7":"product_cat-silniki-zaburtowe","8":"product_cat-silniki-od-1-do-5-km","9":"product_tag-stopa-s","11":"first","12":"instock","13":"shipping-taxable","14":"purchasable","15":"product-type-simple"},"_links":{"self":[{"href":"https:\/\/srv113897.seohost.com.pl\/index.php\/wp-json\/wp\/v2\/product\/1439","targetHints":{"allow":["GET"]}}],"collection":[{"href":"https:\/\/srv113897.seohost.com.pl\/index.php\/wp-json\/wp\/v2\/product"}],"about":[{"href":"https:\/\/srv113897.seohost.com.pl\/index.php\/wp-json\/wp\/v2\/types\/product"}],"replies":[{"embeddable":true,"href":"https:\/\/srv113897.seohost.com.pl\/index.php\/wp-json\/wp\/v2\/comments?post=1439"}],"wp:featuredmedia":[{"embeddable":true,"href":"https:\/\/srv113897.seohost.com.pl\/index.php\/wp-json\/wp\/v2\/media\/5969"}],"wp:attachment":[{"href":"https:\/\/srv113897.seohost.com.pl\/index.php\/wp-json\/wp\/v2\/media?parent=1439"}],"wp:term":[{"taxonomy":"product_brand","embeddable":true,"href":"https:\/\/srv113897.seohost.com.pl\/index.php\/wp-json\/wp\/v2\/product_brand?post=1439"},{"taxonomy":"product_cat","embeddable":true,"href":"https:\/\/srv113897.seohost.com.pl\/index.php\/wp-json\/wp\/v2\/product_cat?post=1439"},{"taxonomy":"product_tag","embeddable":true,"href":"https:\/\/srv113897.seohost.com.pl\/index.php\/wp-json\/wp\/v2\/product_tag?post=1439"}],"curies":[{"name":"wp","href":"https:\/\/api.w.org\/{rel}","templated":true}]}}