{"id":1289,"date":"2025-10-01T20:14:50","date_gmt":"2025-10-01T18:14:50","guid":{"rendered":"https:\/\/srv113897.seohost.com.pl\/?post_type=product&#038;p=1289"},"modified":"2026-05-03T23:47:55","modified_gmt":"2026-05-03T21:47:55","slug":"silnik-zaburtowy-johnson-110-km-v4-stopa-l","status":"publish","type":"product","link":"https:\/\/srv113897.seohost.com.pl\/index.php\/produkt\/silnik-zaburtowy-johnson-110-km-v4-stopa-l\/","title":{"rendered":"silnik zaburtowy JOHNSON 110 KM V4 stopa L"},"content":{"rendered":"<div class=\"djc_fulltext\">\n<p>Do sprzedania silnik zaburtowy JOHNSON V4 110 KM, 2suw, stopa L (standardowa), palony na rozrusznik, manetka w komplecie, povertrim, ci\u015bniena po 8 na ka\u017cdym cylindrze.<\/p>\n<p>Silnik w pe\u0142ni sprawny po przegl\u0105dzie wykonanym przez nasz\u0105 firm\u0119. Przy odbiorze osobistym silniki odpalamy w celu przetestowania.<\/p>\n<p>Wyslemy r\u00f3wnie\u017c kurierem zapakowane na palet\u0119.<\/p>\n<p>Na ka\u017cdy silnik wystawiamy Faktur\u0119\u00a0\u00a0oraz udzielamy gwar. rozruchowej.<\/p>\n<\/div>\n<div class=\"djc_attributes\"><\/div>\n","protected":false},"excerpt":{"rendered":"<p>Do sprzedania silnik zaburtowy JOHNSON V4 110 KM, 2suw, stopa L (standardowa), palony na rozrusznik, manetka w komplecie, povertrim, ci\u015bniena po 8 na ka\u017cdym cylindrze. Silnik w pe\u0142ni sprawny po przegl\u0105dzie wykonanym przez nasz\u0105 firm\u0119. Przy odbiorze osobistym silniki odpalamy w celu przetestowania. Wyslemy r\u00f3wnie\u017c kurierem zapakowane na palet\u0119. Na ka\u017cdy silnik wystawiamy Faktur\u0119\u00a0\u00a0oraz udzielamy [&hellip;]<\/p>\n","protected":false},"featured_media":5855,"comment_status":"open","ping_status":"closed","template":"","meta":[],"product_brand":[67],"product_cat":[51,58],"product_tag":[53],"class_list":{"0":"post-1289","1":"product","2":"type-product","3":"status-publish","4":"has-post-thumbnail","6":"product_brand-johnson","7":"product_cat-silniki-zaburtowe","8":"product_cat-silniki-od-101-do-200-km","9":"product_tag-stopa-l","11":"first","12":"instock","13":"shipping-taxable","14":"purchasable","15":"product-type-simple"},"_links":{"self":[{"href":"https:\/\/srv113897.seohost.com.pl\/index.php\/wp-json\/wp\/v2\/product\/1289","targetHints":{"allow":["GET"]}}],"collection":[{"href":"https:\/\/srv113897.seohost.com.pl\/index.php\/wp-json\/wp\/v2\/product"}],"about":[{"href":"https:\/\/srv113897.seohost.com.pl\/index.php\/wp-json\/wp\/v2\/types\/product"}],"replies":[{"embeddable":true,"href":"https:\/\/srv113897.seohost.com.pl\/index.php\/wp-json\/wp\/v2\/comments?post=1289"}],"wp:featuredmedia":[{"embeddable":true,"href":"https:\/\/srv113897.seohost.com.pl\/index.php\/wp-json\/wp\/v2\/media\/5855"}],"wp:attachment":[{"href":"https:\/\/srv113897.seohost.com.pl\/index.php\/wp-json\/wp\/v2\/media?parent=1289"}],"wp:term":[{"taxonomy":"product_brand","embeddable":true,"href":"https:\/\/srv113897.seohost.com.pl\/index.php\/wp-json\/wp\/v2\/product_brand?post=1289"},{"taxonomy":"product_cat","embeddable":true,"href":"https:\/\/srv113897.seohost.com.pl\/index.php\/wp-json\/wp\/v2\/product_cat?post=1289"},{"taxonomy":"product_tag","embeddable":true,"href":"https:\/\/srv113897.seohost.com.pl\/index.php\/wp-json\/wp\/v2\/product_tag?post=1289"}],"curies":[{"name":"wp","href":"https:\/\/api.w.org\/{rel}","templated":true}]}}