{"id":1284,"date":"2025-10-01T20:14:50","date_gmt":"2025-10-01T18:14:50","guid":{"rendered":"https:\/\/srv113897.seohost.com.pl\/?post_type=product&#038;p=1284"},"modified":"2026-05-03T23:47:42","modified_gmt":"2026-05-03T21:47:42","slug":"silnik-zaburtowy-johnson-evinrude-4-8-km-hurt","status":"publish","type":"product","link":"https:\/\/srv113897.seohost.com.pl\/index.php\/produkt\/silnik-zaburtowy-johnson-evinrude-4-8-km-hurt\/","title":{"rendered":"Silnik zaburtowy JOHNSON EVINRUDE 4-8 KM hurt"},"content":{"rendered":"<p>UWAGA MO\u017bLIWA SPRZEDA\u017b HURTOWA !!!<\/p>\n<p>PO KONKURENCYJNYCH CENACH !!!<\/p>\n<p>Do sprzedania silnik zaburtowy JOHNSON lub EVINRUDE 4 do 8 KM do wyboru, d\u0142uga stopa, sterowany rumplem, palony na szarpank\u0119. Silniki w pe\u0142ni sprawne po serwisie wykonanym przez nasz\u0105 firm\u0119. Przy odbiorze osobistym silniki odpalamy w celu przetestowania. Wysy\u0142amy r\u00f3wnie\u017c kurierem zapakowane na palet\u0119.Na wszystkie silniki wystawiamy Faktur\u0119 oraz udzielamy gwarancji rozruchowej.<\/p>\n","protected":false},"excerpt":{"rendered":"<p>UWAGA MO\u017bLIWA SPRZEDA\u017b HURTOWA !!! PO KONKURENCYJNYCH CENACH !!! Do sprzedania silnik zaburtowy JOHNSON lub EVINRUDE 4 do 8 KM do wyboru, d\u0142uga stopa, sterowany rumplem, palony na szarpank\u0119. Silniki w pe\u0142ni sprawne po serwisie wykonanym przez nasz\u0105 firm\u0119. Przy odbiorze osobistym silniki odpalamy w celu przetestowania. Wysy\u0142amy r\u00f3wnie\u017c kurierem zapakowane na palet\u0119.Na wszystkie silniki [&hellip;]<\/p>\n","protected":false},"featured_media":5830,"comment_status":"open","ping_status":"closed","template":"","meta":[],"product_brand":[71,67],"product_cat":[51,55,57],"product_tag":[53],"class_list":{"0":"post-1284","1":"product","2":"type-product","3":"status-publish","4":"has-post-thumbnail","6":"product_brand-evinrude","7":"product_brand-johnson","8":"product_cat-silniki-zaburtowe","9":"product_cat-silniki-od-1-do-5-km","10":"product_cat-silniki-od-6-do-15-km","11":"product_tag-stopa-l","13":"first","14":"instock","15":"shipping-taxable","16":"purchasable","17":"product-type-simple"},"_links":{"self":[{"href":"https:\/\/srv113897.seohost.com.pl\/index.php\/wp-json\/wp\/v2\/product\/1284","targetHints":{"allow":["GET"]}}],"collection":[{"href":"https:\/\/srv113897.seohost.com.pl\/index.php\/wp-json\/wp\/v2\/product"}],"about":[{"href":"https:\/\/srv113897.seohost.com.pl\/index.php\/wp-json\/wp\/v2\/types\/product"}],"replies":[{"embeddable":true,"href":"https:\/\/srv113897.seohost.com.pl\/index.php\/wp-json\/wp\/v2\/comments?post=1284"}],"wp:featuredmedia":[{"embeddable":true,"href":"https:\/\/srv113897.seohost.com.pl\/index.php\/wp-json\/wp\/v2\/media\/5830"}],"wp:attachment":[{"href":"https:\/\/srv113897.seohost.com.pl\/index.php\/wp-json\/wp\/v2\/media?parent=1284"}],"wp:term":[{"taxonomy":"product_brand","embeddable":true,"href":"https:\/\/srv113897.seohost.com.pl\/index.php\/wp-json\/wp\/v2\/product_brand?post=1284"},{"taxonomy":"product_cat","embeddable":true,"href":"https:\/\/srv113897.seohost.com.pl\/index.php\/wp-json\/wp\/v2\/product_cat?post=1284"},{"taxonomy":"product_tag","embeddable":true,"href":"https:\/\/srv113897.seohost.com.pl\/index.php\/wp-json\/wp\/v2\/product_tag?post=1284"}],"curies":[{"name":"wp","href":"https:\/\/api.w.org\/{rel}","templated":true}]}}