{"id":1096,"date":"2025-10-01T20:12:46","date_gmt":"2025-10-01T18:12:46","guid":{"rendered":"https:\/\/srv113897.seohost.com.pl\/?post_type=product&#038;p=1096"},"modified":"2026-05-03T23:46:13","modified_gmt":"2026-05-03T21:46:13","slug":"silnik-zaburtowy-mercury-8-km-rumpel-l-stopa","status":"publish","type":"product","link":"https:\/\/srv113897.seohost.com.pl\/index.php\/produkt\/silnik-zaburtowy-mercury-8-km-rumpel-l-stopa\/","title":{"rendered":"Silnik zaburtowy MERCURY 8 KM rumpel L stopa"},"content":{"rendered":"<p>Do sprzedania silnik zaburtowy MERCURY 8 KM L stopa(standardowa L ), sterowanie, rumpel, rozruch r\u0119czny, \u0142adowanie.<\/p>\n<p>Silnik w pe\u0142ni sprawny po serwisie wykonanym przez nasz\u0105 firm\u0119. Przy odbiorze osobistym silniki odpalamy w celu przetestowania. Wy\u015blemy r\u00f3wnie\u017c kurierem zapakowane na palet\u0119.<\/p>\n<p>Na wszystkie silniki wystawiamy Faktur\u0119 i udzielamy gwaranc. rozruchowej.<\/p>\n","protected":false},"excerpt":{"rendered":"<p>Do sprzedania silnik zaburtowy MERCURY 8 KM L stopa(standardowa L ), sterowanie, rumpel, rozruch r\u0119czny, \u0142adowanie. Silnik w pe\u0142ni sprawny po serwisie wykonanym przez nasz\u0105 firm\u0119. Przy odbiorze osobistym silniki odpalamy w celu przetestowania. Wy\u015blemy r\u00f3wnie\u017c kurierem zapakowane na palet\u0119. Na wszystkie silniki wystawiamy Faktur\u0119 i udzielamy gwaranc. rozruchowej.<\/p>\n","protected":false},"featured_media":5657,"comment_status":"open","ping_status":"closed","template":"","meta":[],"product_brand":[62],"product_cat":[51,57],"product_tag":[53],"class_list":{"0":"post-1096","1":"product","2":"type-product","3":"status-publish","4":"has-post-thumbnail","6":"product_brand-mercury","7":"product_cat-silniki-zaburtowe","8":"product_cat-silniki-od-6-do-15-km","9":"product_tag-stopa-l","11":"first","12":"instock","13":"shipping-taxable","14":"purchasable","15":"product-type-simple"},"_links":{"self":[{"href":"https:\/\/srv113897.seohost.com.pl\/index.php\/wp-json\/wp\/v2\/product\/1096","targetHints":{"allow":["GET"]}}],"collection":[{"href":"https:\/\/srv113897.seohost.com.pl\/index.php\/wp-json\/wp\/v2\/product"}],"about":[{"href":"https:\/\/srv113897.seohost.com.pl\/index.php\/wp-json\/wp\/v2\/types\/product"}],"replies":[{"embeddable":true,"href":"https:\/\/srv113897.seohost.com.pl\/index.php\/wp-json\/wp\/v2\/comments?post=1096"}],"wp:featuredmedia":[{"embeddable":true,"href":"https:\/\/srv113897.seohost.com.pl\/index.php\/wp-json\/wp\/v2\/media\/5657"}],"wp:attachment":[{"href":"https:\/\/srv113897.seohost.com.pl\/index.php\/wp-json\/wp\/v2\/media?parent=1096"}],"wp:term":[{"taxonomy":"product_brand","embeddable":true,"href":"https:\/\/srv113897.seohost.com.pl\/index.php\/wp-json\/wp\/v2\/product_brand?post=1096"},{"taxonomy":"product_cat","embeddable":true,"href":"https:\/\/srv113897.seohost.com.pl\/index.php\/wp-json\/wp\/v2\/product_cat?post=1096"},{"taxonomy":"product_tag","embeddable":true,"href":"https:\/\/srv113897.seohost.com.pl\/index.php\/wp-json\/wp\/v2\/product_tag?post=1096"}],"curies":[{"name":"wp","href":"https:\/\/api.w.org\/{rel}","templated":true}]}}