{"id":1050,"date":"2025-10-01T20:12:25","date_gmt":"2025-10-01T18:12:25","guid":{"rendered":"https:\/\/srv113897.seohost.com.pl\/?post_type=product&#038;p=1050"},"modified":"2026-05-03T23:45:53","modified_gmt":"2026-05-03T21:45:53","slug":"silnik-zaburtowy-suzuki-8-df-rumpel-4-suw-2009-rok","status":"publish","type":"product","link":"https:\/\/srv113897.seohost.com.pl\/index.php\/produkt\/silnik-zaburtowy-suzuki-8-df-rumpel-4-suw-2009-rok\/","title":{"rendered":"Silnik zaburtowy SUZUKI 8 DF rumpel 4-suw 2009 rok"},"content":{"rendered":"<p>Do sprzedania silnik zaburtowy SUZUKI DF8 KM L stopa standardowa, palony na szarpank\u0119 i rozrusznik, \u0142adowanie, sterowany rumplem, biegi w rumplu, rok 2009.<\/p>\n<p>Silnik w pe\u0142ni sprawny po serwisie wykonanym przez nasz\u0105 firm\u0119. Przy odbiorze osobistym silniki odpalamy w celu przetestowania. Wy\u015blemy r\u00f3wnie\u017c kurierem zapakowane na palet\u0119.<\/p>\n<p>Na ka\u017cdy silnik wystawiamy Faktur\u0119\u00a0\u00a0oraz udzielamy gwar. rozruchowej<\/p>\n<p><b>W razie pyta\u0144 prosz\u0119 wys\u0142a\u0107 wiadomo\u015b\u0107<\/b><\/p>\n","protected":false},"excerpt":{"rendered":"<p>Do sprzedania silnik zaburtowy SUZUKI DF8 KM L stopa standardowa, palony na szarpank\u0119 i rozrusznik, \u0142adowanie, sterowany rumplem, biegi w rumplu, rok 2009. Silnik w pe\u0142ni sprawny po serwisie wykonanym przez nasz\u0105 firm\u0119. Przy odbiorze osobistym silniki odpalamy w celu przetestowania. Wy\u015blemy r\u00f3wnie\u017c kurierem zapakowane na palet\u0119. Na ka\u017cdy silnik wystawiamy Faktur\u0119\u00a0\u00a0oraz udzielamy gwar. rozruchowej [&hellip;]<\/p>\n","protected":false},"featured_media":5614,"comment_status":"open","ping_status":"closed","template":"","meta":[],"product_brand":[63],"product_cat":[51,57],"product_tag":[53],"class_list":{"0":"post-1050","1":"product","2":"type-product","3":"status-publish","4":"has-post-thumbnail","6":"product_brand-suzuki","7":"product_cat-silniki-zaburtowe","8":"product_cat-silniki-od-6-do-15-km","9":"product_tag-stopa-l","11":"first","12":"instock","13":"shipping-taxable","14":"purchasable","15":"product-type-simple"},"_links":{"self":[{"href":"https:\/\/srv113897.seohost.com.pl\/index.php\/wp-json\/wp\/v2\/product\/1050","targetHints":{"allow":["GET"]}}],"collection":[{"href":"https:\/\/srv113897.seohost.com.pl\/index.php\/wp-json\/wp\/v2\/product"}],"about":[{"href":"https:\/\/srv113897.seohost.com.pl\/index.php\/wp-json\/wp\/v2\/types\/product"}],"replies":[{"embeddable":true,"href":"https:\/\/srv113897.seohost.com.pl\/index.php\/wp-json\/wp\/v2\/comments?post=1050"}],"wp:featuredmedia":[{"embeddable":true,"href":"https:\/\/srv113897.seohost.com.pl\/index.php\/wp-json\/wp\/v2\/media\/5614"}],"wp:attachment":[{"href":"https:\/\/srv113897.seohost.com.pl\/index.php\/wp-json\/wp\/v2\/media?parent=1050"}],"wp:term":[{"taxonomy":"product_brand","embeddable":true,"href":"https:\/\/srv113897.seohost.com.pl\/index.php\/wp-json\/wp\/v2\/product_brand?post=1050"},{"taxonomy":"product_cat","embeddable":true,"href":"https:\/\/srv113897.seohost.com.pl\/index.php\/wp-json\/wp\/v2\/product_cat?post=1050"},{"taxonomy":"product_tag","embeddable":true,"href":"https:\/\/srv113897.seohost.com.pl\/index.php\/wp-json\/wp\/v2\/product_tag?post=1050"}],"curies":[{"name":"wp","href":"https:\/\/api.w.org\/{rel}","templated":true}]}}