{"id":1048,"date":"2025-10-01T20:12:25","date_gmt":"2025-10-01T18:12:25","guid":{"rendered":"https:\/\/srv113897.seohost.com.pl\/?post_type=product&#038;p=1048"},"modified":"2026-05-03T23:45:37","modified_gmt":"2026-05-03T21:45:37","slug":"silnik-zaburtowy-tohatsu-30-km-stopa-l-wtrysk-2015r","status":"publish","type":"product","link":"https:\/\/srv113897.seohost.com.pl\/index.php\/produkt\/silnik-zaburtowy-tohatsu-30-km-stopa-l-wtrysk-2015r\/","title":{"rendered":"Silnik zaburtowy Tohatsu 30 KM Stopa L Wtrysk 2015r."},"content":{"rendered":"<div class=\"djc_fulltext\">\n<p>Do sprzedania silnik zaburtowy Tohatsu 30 KM, stopa L, 4-suw, sterowanie pod manetk\u0119 (w komplecie), rozruch r\u0119czny oraz elektryczny, silnik na wtrysku, idealny stan silnika.<\/p>\n<p>Silnik w pe\u0142ni sprawny po przegl\u0105dzie wykonanym przez nasz\u0105 firm\u0119. Przy odbiorze osobistym silniki odpalamy w celu przetestowania. Wy\u015blemy r\u00f3wnie\u017c kurierem zapakowane na palet\u0119.<\/p>\n<p>Na wszystkie silniki wystawiamy Faktur\u0119 i udzielamy gwaranc. rozruchowej.<\/p>\n<\/div>\n<div class=\"djc_attributes\"><\/div>\n","protected":false},"excerpt":{"rendered":"<p>Do sprzedania silnik zaburtowy Tohatsu 30 KM, stopa L, 4-suw, sterowanie pod manetk\u0119 (w komplecie), rozruch r\u0119czny oraz elektryczny, silnik na wtrysku, idealny stan silnika. Silnik w pe\u0142ni sprawny po przegl\u0105dzie wykonanym przez nasz\u0105 firm\u0119. Przy odbiorze osobistym silniki odpalamy w celu przetestowania. Wy\u015blemy r\u00f3wnie\u017c kurierem zapakowane na palet\u0119. Na wszystkie silniki wystawiamy Faktur\u0119 i [&hellip;]<\/p>\n","protected":false},"featured_media":5598,"comment_status":"open","ping_status":"closed","template":"","meta":[],"product_brand":[68],"product_cat":[51,54],"product_tag":[53],"class_list":{"0":"post-1048","1":"product","2":"type-product","3":"status-publish","4":"has-post-thumbnail","6":"product_brand-tohatsu","7":"product_cat-silniki-zaburtowe","8":"product_cat-silniki-od-26-do-50-km","9":"product_tag-stopa-l","11":"first","12":"instock","13":"shipping-taxable","14":"purchasable","15":"product-type-simple"},"_links":{"self":[{"href":"https:\/\/srv113897.seohost.com.pl\/index.php\/wp-json\/wp\/v2\/product\/1048","targetHints":{"allow":["GET"]}}],"collection":[{"href":"https:\/\/srv113897.seohost.com.pl\/index.php\/wp-json\/wp\/v2\/product"}],"about":[{"href":"https:\/\/srv113897.seohost.com.pl\/index.php\/wp-json\/wp\/v2\/types\/product"}],"replies":[{"embeddable":true,"href":"https:\/\/srv113897.seohost.com.pl\/index.php\/wp-json\/wp\/v2\/comments?post=1048"}],"wp:featuredmedia":[{"embeddable":true,"href":"https:\/\/srv113897.seohost.com.pl\/index.php\/wp-json\/wp\/v2\/media\/5598"}],"wp:attachment":[{"href":"https:\/\/srv113897.seohost.com.pl\/index.php\/wp-json\/wp\/v2\/media?parent=1048"}],"wp:term":[{"taxonomy":"product_brand","embeddable":true,"href":"https:\/\/srv113897.seohost.com.pl\/index.php\/wp-json\/wp\/v2\/product_brand?post=1048"},{"taxonomy":"product_cat","embeddable":true,"href":"https:\/\/srv113897.seohost.com.pl\/index.php\/wp-json\/wp\/v2\/product_cat?post=1048"},{"taxonomy":"product_tag","embeddable":true,"href":"https:\/\/srv113897.seohost.com.pl\/index.php\/wp-json\/wp\/v2\/product_tag?post=1048"}],"curies":[{"name":"wp","href":"https:\/\/api.w.org\/{rel}","templated":true}]}}