{"id":5138,"date":"2025-11-30T23:10:14","date_gmt":"2025-11-30T22:10:14","guid":{"rendered":"https:\/\/srv113897.seohost.com.pl\/?page_id=5138"},"modified":"2025-12-01T20:35:02","modified_gmt":"2025-12-01T19:35:02","slug":"kontakt","status":"publish","type":"page","link":"https:\/\/srv113897.seohost.com.pl\/index.php\/kontakt\/","title":{"rendered":"Kontakt"},"content":{"rendered":"\n    \n    <div class=\"full-width is-layout-flow wp-block-group-is-layout-flow\">\n        <div class=\"banner-page\">\n            <div class=\"banner-page-content\">\n                \n                <h2>Kontakt<\/h2>\n            <\/div>\n        <\/div>\n    <\/div>\n    \n\n\n\n    <div class=\"contact-info container border-top-100\">\n        <div class=\"info-box\">\n            <div class=\"row-head\">\n                <div class=\"icon\">\n                    <svg aria-hidden=\"true\" focusable=\"false\" xmlns=\"http:\/\/www.w3.org\/2000\/svg\" viewBox=\"0 0 384 512\"\n                        width=\"1.4em\" height=\"1.4em\">\n                        <path\n                            d=\"M168 0C75.1 0 0 75.1 0 168c0 87.3 135.9 303.5 157.5 335.5 2.5 3.7 6.6 5.5 10.5 5.5s8-1.8 10.5-5.5C248.1 471.5 384 255.3 384 168 384 75.1 308.9 0 216 0h-48zm24 256c-48.6 0-88-39.4-88-88s39.4-88 88-88 88 39.4 88 88-39.4 88-88 88z\" \/>\n                    <\/svg>\n                <\/div>\n\n                <h3>Miejsce siedziby:<\/h3>\n            <\/div>\n\n            <div class=\"text-content\">\n                <p>Piotrowice dzia\u0142ka nr 247 <br>\n                    (na przeciwko nr 23)<br>\n                    59-225 Chojn\u00f3w\n                <\/p>\n            <\/div>\n        <\/div>\n\n        <div class=\"info-box\">\n            <div class=\"row-head\">\n                <div class=\"icon\">\n                    <svg aria-hidden=\"true\" focusable=\"false\" xmlns=\"http:\/\/www.w3.org\/2000\/svg\" viewBox=\"0 0 512 512\"\n                        width=\"1.4em\" height=\"1.4em\">\n                        <path\n                            d=\"M493.4 24.6l-104-24c-11.3-2.6-22.9 3.3-27.5 13.9l-48 112c-4.2 9.8-1.4 21.3 6.9 28l60.6 49.6c-36 76.7-98.9 140.5-177.2 177.2l-49.6-60.6c-6.8-8.3-18.2-11.1-28-6.9l-112 48C3.9 366.5-2 378.1.6 389.4l24 104C27.1 504.2 36.7 512 48 512c256.1 0 464-207.5 464-464 0-11.2-7.7-20.9-18.6-23.4z\" \/>\n                    <\/svg>\n                <\/div>\n\n                <h3>Telefon:<\/h3>\n            <\/div>\n\n            <div class=\"text-content\">\n                <p>Sprzedawca \u2013 \u0141ukasz<br>+48 602-656-480<\/p>\n                <p>Sprzedawca \u2013 Bronek<br>+48 574-410-284<\/p>\n                <p>Public relations \u2013 Robert<br>+48 793-363-222<\/p>\n            <\/div>\n        <\/div>\n\n        <div class=\"info-box\">\n            <div class=\"row-head\">\n                <div class=\"icon\">\n                    <svg aria-hidden=\"true\" focusable=\"false\" xmlns=\"http:\/\/www.w3.org\/2000\/svg\" viewBox=\"0 0 512 512\"\n                        width=\"1.4em\" height=\"1.4em\">\n                        <path\n                            d=\"M502.3 190.8L327.4 338c-15.8 13-39 13-54.8 0L9.7 190.8C3.9 186.4 0 179.4 0 172V80c0-26.5 21.5-48 48-48h416c26.5 0 48 21.5 48 48v92c0 7.4-3.9 14.4-9.7 18.8zM0 240v192c0 26.5 21.5 48 48 48h416c26.5 0 48-21.5 48-48V240l-154.2 126.7c-47.4 39-116.3 39-163.7 0L0 240z\" \/>\n                    <\/svg>\n                <\/div>\n\n                <h3>Email Address<\/h3>\n            <\/div>\n\n            <div class=\"text-content\">\n                <p>pinpol.chojnow@wp.pl<\/p>\n            <\/div>\n        <\/div>\n    <\/div>\n\n\n\n<div class=\"contact-container container\">\n\n    <!-- Lewa kolumna -->\n    <div class=\"contact-left\">\n        <h2>Skontaktuj si\u0119 z nami<\/h2>\n        <p class=\"lead\">\n            Masz pytania dotycz\u0105ce oferty, wsp\u00f3\u0142pracy lub produkt\u00f3w?  \n            Napisz do nas \u2013 odpowiemy tak szybko, jak to mo\u017cliwe.\n        <\/p>\n\n        <h3>Dlaczego warto?<\/h3>\n        <p>\n            Odpowiadamy zazwyczaj w ci\u0105gu jednego dnia roboczego.  \n            Nasz zesp\u00f3\u0142 pomo\u017ce Ci znale\u017a\u0107 najlepsze rozwi\u0105zanie.\n        <\/p>\n\n        <h3>Informacje dodatkowe<\/h3>\n        <p>\n            Je\u017celi wolisz kontakt telefoniczny, podaj numer w tre\u015bci wiadomo\u015bci \u2013 oddzwonimy.\n        <\/p>\n\n        <h3>\u015aled\u017a nas<\/h3>\n        <div class=\"social-icons\">\n            <a href=\"#\"><i class=\"fa-brands fa-facebook\"><\/i><\/a>\n            <a href=\"#\"><i class=\"fa-brands fa-instagram\"><\/i><\/a>\n            <a href=\"#\"><i class=\"fa-brands fa-youtube\"><\/i><\/a>\n        <\/div>\n    <\/div>\n\n    <!-- Prawa kolumna: formularz -->\n    <div class=\"contact-right\">\n        <form id=\"contactForm\">\n\n            <div class=\"row two-cols\">\n                <div class=\"col\">\n                    <label>Imi\u0119 *<\/label>\n                    <input type=\"text\" name=\"first_name\" required>\n                <\/div>\n\n                <div class=\"col\">\n                    <label>Nazwisko *<\/label>\n                    <input type=\"text\" name=\"last_name\" required>\n                <\/div>\n            <\/div>\n\n            <label>Email *<\/label>\n            <input type=\"email\" name=\"email\" required>\n\n            <label>Temat<\/label>\n            <input type=\"text\" name=\"subject\">\n\n            <label>Wiadomo\u015b\u0107 *<\/label>\n            <textarea name=\"message\" required><\/textarea>\n\n            <button type=\"submit\" class=\"submit-btn\">Wy\u015blij wiadomo\u015b\u0107<\/button>\n\n            <div id=\"form-status\"><\/div>\n        <\/form>\n    <\/div>\n\n<\/div>\n","protected":false},"excerpt":{"rendered":"<p>Miejsce siedziby: Piotrowice dzia\u0142ka nr 247 (na przeciwko nr 23) 59-225 Chojn\u00f3w Telefon: Sprzedawca \u2013 \u0141ukasz+48 602-656-480 Sprzedawca \u2013 Bronek+48 574-410-284 Public relations \u2013 Robert+48 793-363-222 Email Address pinpol.chojnow@wp.pl Skontaktuj si\u0119 z nami Masz pytania dotycz\u0105ce oferty, wsp\u00f3\u0142pracy lub produkt\u00f3w? Napisz do nas \u2013 odpowiemy tak szybko, jak to mo\u017cliwe. Dlaczego warto? Odpowiadamy zazwyczaj w [&hellip;]<\/p>\n","protected":false},"author":1,"featured_media":0,"parent":0,"menu_order":0,"comment_status":"closed","ping_status":"closed","template":"","meta":{"footnotes":""},"class_list":["post-5138","page","type-page","status-publish","hentry"],"blocksy_meta":[],"_links":{"self":[{"href":"https:\/\/srv113897.seohost.com.pl\/index.php\/wp-json\/wp\/v2\/pages\/5138","targetHints":{"allow":["GET"]}}],"collection":[{"href":"https:\/\/srv113897.seohost.com.pl\/index.php\/wp-json\/wp\/v2\/pages"}],"about":[{"href":"https:\/\/srv113897.seohost.com.pl\/index.php\/wp-json\/wp\/v2\/types\/page"}],"author":[{"embeddable":true,"href":"https:\/\/srv113897.seohost.com.pl\/index.php\/wp-json\/wp\/v2\/users\/1"}],"replies":[{"embeddable":true,"href":"https:\/\/srv113897.seohost.com.pl\/index.php\/wp-json\/wp\/v2\/comments?post=5138"}],"version-history":[{"count":19,"href":"https:\/\/srv113897.seohost.com.pl\/index.php\/wp-json\/wp\/v2\/pages\/5138\/revisions"}],"predecessor-version":[{"id":5189,"href":"https:\/\/srv113897.seohost.com.pl\/index.php\/wp-json\/wp\/v2\/pages\/5138\/revisions\/5189"}],"wp:attachment":[{"href":"https:\/\/srv113897.seohost.com.pl\/index.php\/wp-json\/wp\/v2\/media?parent=5138"}],"curies":[{"name":"wp","href":"https:\/\/api.w.org\/{rel}","templated":true}]}}